{"id":24616,"date":"2023-10-09T15:25:06","date_gmt":"2023-10-09T15:25:06","guid":{"rendered":"https:\/\/www.whistleblowingofficer.com\/simoldespolska\/?page_id=24616"},"modified":"2024-09-24T15:26:10","modified_gmt":"2024-09-24T15:26:10","slug":"karta-informacyjna","status":"publish","type":"page","link":"https:\/\/www.whistleblowingofficer.com\/simoldespolska\/pl\/simoldes-plasticos-polska-wroclaw\/sygnalisci\/karta-informacyjna\/","title":{"rendered":"Karta informacyjna"},"content":{"rendered":"<p>[et_pb_section admin_label=&#8221;section&#8221;]<br \/>\n[et_pb_row admin_label=&#8221;row&#8221;]<br \/>\n[et_pb_column type=&#8221;4_4&#8243;][et_pb_text admin_label=&#8221;Text&#8221;]<\/p>\n<h1><span style=\"font-weight: 400;\">Karta informacyjna<\/span><\/h1>\n<p><span style=\"font-weight: 400;\">Karta informacyjna strony internetowej <\/span><a href=\"http:\/\/www.simoldes.com\"><span style=\"font-weight: 400;\">www.simoldes.com<\/span><\/a><span style=\"font-weight: 400;\">.<\/span><\/p>\n<p><span style=\"font-weight: 400;\">Arkusz informacyjny dotycz\u0105cy instytucjonalnych element\u00f3w identyfikacyjnych strony internetowej <\/span><a href=\"http:\/\/www.simoldes.com\"><span style=\"font-weight: 400;\">www.simoldes.com<\/span><\/a><span style=\"font-weight: 400;\">, jej og\u00f3lnych cech technicznych oraz form lub warunk\u00f3w u\u017cytkowania.<\/span><\/p>\n<p><span style=\"font-weight: 400;\">Data aktywacji<\/span><\/p>\n<p><span style=\"font-weight: 400;\">Strona internetowa <\/span><a href=\"http:\/\/www.simoldes.com\"><span style=\"font-weight: 400;\">www.simoldes.com<\/span><\/a><span style=\"font-weight: 400;\"> jest dost\u0119pna online od 17 wrze\u015bnia 2021 r.<\/span><\/p>\n<p><span style=\"font-weight: 400;\">W\u0142a\u015bciciel strony<\/span><\/p>\n<p><span style=\"font-weight: 400;\">Strona internetowa <\/span><a href=\"http:\/\/www.simoldes.com\"><span style=\"font-weight: 400;\">www.simoldes.com<\/span><\/a><span style=\"font-weight: 400;\"> jest w\u0142asno\u015bci\u0105 osoby prawnej Simoldes Plasticos, posiadaj\u0105cej portugalski numer identyfikacji podatkowej 501 220 267.<\/span><\/p>\n<p><span style=\"font-weight: 400;\">Identyfikacja instytucjonalna<\/span><\/p>\n<p><span style=\"font-weight: 400;\">Simoldes Plasticos jest firm\u0105 zarejestrowan\u0105 w Portugalii, z siedzib\u0105 przy Rua Comendador Ant\u00f3nio da Silva Rodrigues, nr 165, Zona Industrial 3720-502 Oliveira de Azem\u00e9is, posiadaj\u0105c\u0105 portugalski numer identyfikacji podatkowej 501 220 267.<\/span><\/p>\n<p><span style=\"font-weight: 400;\">Kontakty instytucjonalne<\/span><\/p>\n<p><span style=\"font-weight: 400;\">Simoldes Plasticos mo\u017cna skontaktowa\u0107 si\u0119 poprzez nast\u0119puj\u0105ce kana\u0142y komunikacyjne:<\/span><\/p>\n<p><span style=\"font-weight: 400;\">\u2013 Telefon og\u00f3lny: +48 532 685 455;<\/span><\/p>\n<p><span style=\"font-weight: 400;\">\u2013 E-mail og\u00f3lny: mail@simoldes.com;<\/span><\/p>\n<p><span style=\"font-weight: 400;\">Kontakt z Inspektorem Ochrony Danych<\/span><\/p>\n<p><span style=\"font-weight: 400;\">Inspektora Ochrony Danych w\u0142a\u015bciciela strony mo\u017cna kontaktowa\u0107 przez adres e-mail dataprotectionofficer@simoldes.com.<\/span><\/p>\n<p><span style=\"font-weight: 400;\">Kontakt z Inspektorem Bezpiecze\u0144stwa<\/span><\/p>\n<p><span style=\"font-weight: 400;\">Inspektora Bezpiecze\u0144stwa w\u0142a\u015bciciela strony mo\u017cna kontaktowa\u0107 przez adres e-mail dataprotectionofficer@simoldes.com.<\/span><\/p>\n<p><span style=\"font-weight: 400;\">Kontakt z Administratorem Systemu<\/span><\/p>\n<p><span style=\"font-weight: 400;\">Administratora Systemu w\u0142a\u015bciciela strony mo\u017cna kontaktowa\u0107 przez adres e-mail dataprotectionofficer@simoldes.com.<\/span><\/p>\n<p><span style=\"font-weight: 400;\">Polityka ochrony danych<\/span><\/p>\n<p><span style=\"font-weight: 400;\">Polityka ochrony danych jest dost\u0119pna pod adresem <\/span><a href=\"https:\/\/www.simoldes.com\/en\/privacy-policy\/\"><span style=\"font-weight: 400;\">https:\/\/www.simoldes.com\/en\/privacy-policy\/<\/span><\/a><span style=\"font-weight: 400;\">.<\/span><\/p>\n<p><span style=\"font-weight: 400;\">Prawa autorskie<\/span><\/p>\n<p><span style=\"font-weight: 400;\">Tre\u015bci opublikowane na stronie internetowej, kt\u00f3re nie pochodz\u0105 ze \u017ar\u00f3de\u0142 publicznych, mianowicie teksty, obrazy, rysunki, fotografie, plany i wszelkie inne tre\u015bci, jak r\u00f3wnie\u017c marki, logo, nazwy i nazwy handlowe, s\u0105 chronione prawami autorskimi i prawami w\u0142asno\u015bci przemys\u0142owej, kt\u00f3rych w\u0142a\u015bcicielem jest w\u0142a\u015bciciel strony, redaktor naczelny lub inne instytucje wyra\u017anie oznaczone jako takie.<\/span><\/p>\n<p><span style=\"font-weight: 400;\">Tre\u015bci strony internetowej, w ca\u0142o\u015bci lub w cz\u0119\u015bci, nie mog\u0105 by\u0107 edytowane, publikowane, rozpowszechniane ani reprodukowane za pomoc\u0105 jakichkolwiek \u015brodk\u00f3w technicznych, nie mog\u0105 by\u0107 r\u00f3wnie\u017c pobierane ani kopiowane bez uprzedniego uzyskania wyra\u017anej i pisemnej zgody w\u0142a\u015bciciela strony lub innych posiadaczy praw w\u0142asno\u015bci intelektualnej oznaczonych na stronie.<\/span><\/p>\n<p><span style=\"font-weight: 400;\">R\u00f3wnie\u017c wcze\u015bniejsza, wyra\u017ana i pisemna zgoda, zar\u00f3wno ze strony w\u0142a\u015bciciela, jak i innych posiadaczy praw w\u0142asno\u015bci intelektualnej oznaczonych na stronie, jest konieczna, aby tre\u015bci tej strony, w ca\u0142o\u015bci lub w cz\u0119\u015bci, mog\u0142y by\u0107 przekszta\u0142cane lub modyfikowane, adaptowane lub wykorzystywane do innych cel\u00f3w, z wyj\u0105tkiem przypadk\u00f3w uznanych za wolne u\u017cytkowanie, przewidzianych w prawodawstwie portugalskim, w szczeg\u00f3lno\u015bci w Kodeksie Praw Autorskich i Praw Pokrewnych.<\/span><\/p>\n<p><span style=\"font-weight: 400;\">Nieautoryzowane u\u017cycie, niezale\u017cnie od formy, w jakiej ma miejsce, b\u0119dzie uwa\u017cane za niezgodne z prawem, \u015bcigane karnie i cywilnie, jak r\u00f3wnie\u017c dyscyplinarnie, w zale\u017cno\u015bci od przypadku, przez s\u0105dy portugalskie, zgodnie z ustaw\u0105 o przest\u0119pstwach komputerowych, Kodeksem Praw Autorskich i Praw Pokrewnych, Kodeksem W\u0142asno\u015bci Przemys\u0142owej oraz innymi obowi\u0105zuj\u0105cymi przepisami.<\/span><\/p>\n<p><span style=\"font-weight: 400;\">Wsparcie techniczne<\/span><\/p>\n<p><span style=\"font-weight: 400;\">W przypadku jakiejkolwiek pomocy lub wsparcia technicznego, prosimy o kontakt z Centrum Pomocy, poprzez link HELP-DESK lub telefonicznie +48 532 685 455 dost\u0119pny w ka\u017cdy dzie\u0144 roboczy, w godzinach od 9:00 do 18:00.<\/span><\/p>\n<p><span style=\"font-weight: 400;\">Wersja karty technicznej<\/span><\/p>\n<p><span style=\"font-weight: 400;\">Karta techniczna zosta\u0142a opublikowana 2 listopada 2023 r., z numerem referencyjnym: Wersja DC\/01.<\/span>[\/et_pb_text][\/et_pb_column]<br \/>\n[\/et_pb_row]<br \/>\n[\/et_pb_section]<\/p>\n","protected":false},"excerpt":{"rendered":"<p>[et_pb_section admin_label=&#8221;section&#8221;] [et_pb_row admin_label=&#8221;row&#8221;] [et_pb_column type=&#8221;4_4&#8243;][et_pb_text admin_label=&#8221;Text&#8221;] Karta informacyjna Karta informacyjna strony internetowej www.simoldes.com. Arkusz informacyjny dotycz\u0105cy instytucjonalnych element\u00f3w identyfikacyjnych strony internetowej www.simoldes.com, jej og\u00f3lnych cech technicznych oraz form lub warunk\u00f3w u\u017cytkowania. Data aktywacji Strona internetowa www.simoldes.com jest dost\u0119pna online od 17 wrze\u015bnia 2021 r. W\u0142a\u015bciciel strony Strona internetowa www.simoldes.com jest w\u0142asno\u015bci\u0105 osoby prawnej Simoldes [&hellip;]<\/p>\n","protected":false},"author":1,"featured_media":0,"parent":24596,"menu_order":5,"comment_status":"closed","ping_status":"closed","template":"","meta":{"_et_pb_use_builder":"off","_et_pb_old_content":"<h1><span style=\"font-weight: 400;\">Karta informacyjna<\/span><\/h1>\r\n<span style=\"font-weight: 400;\">Karta informacyjna strony internetowej <\/span><a href=\"http:\/\/www.simoldes.com\"><span style=\"font-weight: 400;\">www.simoldes.com<\/span><\/a><span style=\"font-weight: 400;\">.<\/span>\r\n\r\n<span style=\"font-weight: 400;\">Arkusz informacyjny dotycz\u0105cy instytucjonalnych element\u00f3w identyfikacyjnych strony internetowej <\/span><a href=\"http:\/\/www.simoldes.com\"><span style=\"font-weight: 400;\">www.simoldes.com<\/span><\/a><span style=\"font-weight: 400;\">, jej og\u00f3lnych cech technicznych oraz form lub warunk\u00f3w u\u017cytkowania.<\/span>\r\n\r\n<span style=\"font-weight: 400;\">Data aktywacji<\/span>\r\n\r\n<span style=\"font-weight: 400;\">Strona internetowa <\/span><a href=\"http:\/\/www.simoldes.com\"><span style=\"font-weight: 400;\">www.simoldes.com<\/span><\/a><span style=\"font-weight: 400;\"> jest dost\u0119pna online od 17 wrze\u015bnia 2021 r.<\/span>\r\n\r\n<span style=\"font-weight: 400;\">W\u0142a\u015bciciel strony<\/span>\r\n\r\n<span style=\"font-weight: 400;\">Strona internetowa <\/span><a href=\"http:\/\/www.simoldes.com\"><span style=\"font-weight: 400;\">www.simoldes.com<\/span><\/a><span style=\"font-weight: 400;\"> jest w\u0142asno\u015bci\u0105 osoby prawnej Simoldes Plasticos, posiadaj\u0105cej portugalski numer identyfikacji podatkowej 501 220 267.<\/span>\r\n\r\n<span style=\"font-weight: 400;\">Identyfikacja instytucjonalna<\/span>\r\n\r\n<span style=\"font-weight: 400;\">Simoldes Plasticos jest firm\u0105 zarejestrowan\u0105 w Portugalii, z siedzib\u0105 przy Rua Comendador Ant\u00f3nio da Silva Rodrigues, nr 165, Zona Industrial 3720-502 Oliveira de Azem\u00e9is, posiadaj\u0105c\u0105 portugalski numer identyfikacji podatkowej 501 220 267.<\/span>\r\n\r\n<span style=\"font-weight: 400;\">Kontakty instytucjonalne<\/span>\r\n\r\n<span style=\"font-weight: 400;\">Simoldes Plasticos mo\u017cna skontaktowa\u0107 si\u0119 poprzez nast\u0119puj\u0105ce kana\u0142y komunikacyjne:<\/span>\r\n\r\n<span style=\"font-weight: 400;\">\u2013 Telefon og\u00f3lny: (+351) 256 661 100;<\/span>\r\n\r\n<span style=\"font-weight: 400;\">\u2013 E-mail og\u00f3lny: mail@simoldes.com;<\/span>\r\n\r\n<span style=\"font-weight: 400;\">Kontakt z Inspektorem Ochrony Danych<\/span>\r\n\r\n<span style=\"font-weight: 400;\">Inspektora Ochrony Danych w\u0142a\u015bciciela strony mo\u017cna kontaktowa\u0107 przez adres e-mail dataprotectionofficer@simoldes.com.<\/span>\r\n\r\n<span style=\"font-weight: 400;\">Kontakt z Inspektorem Bezpiecze\u0144stwa<\/span>\r\n\r\n<span style=\"font-weight: 400;\">Inspektora Bezpiecze\u0144stwa w\u0142a\u015bciciela strony mo\u017cna kontaktowa\u0107 przez adres e-mail dataprotectionofficer@simoldes.com.<\/span>\r\n\r\n<span style=\"font-weight: 400;\">Kontakt z Administratorem Systemu<\/span>\r\n\r\n<span style=\"font-weight: 400;\">Administratora Systemu w\u0142a\u015bciciela strony mo\u017cna kontaktowa\u0107 przez adres e-mail dataprotectionofficer@simoldes.com.<\/span>\r\n\r\n<span style=\"font-weight: 400;\">Polityka ochrony danych<\/span>\r\n\r\n<span style=\"font-weight: 400;\">Polityka ochrony danych jest dost\u0119pna pod adresem <\/span><a href=\"https:\/\/www.simoldes.com\/en\/privacy-policy\/\"><span style=\"font-weight: 400;\">https:\/\/www.simoldes.com\/en\/privacy-policy\/<\/span><\/a><span style=\"font-weight: 400;\">.<\/span>\r\n\r\n<span style=\"font-weight: 400;\">Prawa autorskie<\/span>\r\n\r\n<span style=\"font-weight: 400;\">Tre\u015bci opublikowane na stronie internetowej, kt\u00f3re nie pochodz\u0105 ze \u017ar\u00f3de\u0142 publicznych, mianowicie teksty, obrazy, rysunki, fotografie, plany i wszelkie inne tre\u015bci, jak r\u00f3wnie\u017c marki, logo, nazwy i nazwy handlowe, s\u0105 chronione prawami autorskimi i prawami w\u0142asno\u015bci przemys\u0142owej, kt\u00f3rych w\u0142a\u015bcicielem jest w\u0142a\u015bciciel strony, redaktor naczelny lub inne instytucje wyra\u017anie oznaczone jako takie.<\/span>\r\n\r\n<span style=\"font-weight: 400;\">Tre\u015bci strony internetowej, w ca\u0142o\u015bci lub w cz\u0119\u015bci, nie mog\u0105 by\u0107 edytowane, publikowane, rozpowszechniane ani reprodukowane za pomoc\u0105 jakichkolwiek \u015brodk\u00f3w technicznych, nie mog\u0105 by\u0107 r\u00f3wnie\u017c pobierane ani kopiowane bez uprzedniego uzyskania wyra\u017anej i pisemnej zgody w\u0142a\u015bciciela strony lub innych posiadaczy praw w\u0142asno\u015bci intelektualnej oznaczonych na stronie.<\/span>\r\n\r\n<span style=\"font-weight: 400;\">R\u00f3wnie\u017c wcze\u015bniejsza, wyra\u017ana i pisemna zgoda, zar\u00f3wno ze strony w\u0142a\u015bciciela, jak i innych posiadaczy praw w\u0142asno\u015bci intelektualnej oznaczonych na stronie, jest konieczna, aby tre\u015bci tej strony, w ca\u0142o\u015bci lub w cz\u0119\u015bci, mog\u0142y by\u0107 przekszta\u0142cane lub modyfikowane, adaptowane lub wykorzystywane do innych cel\u00f3w, z wyj\u0105tkiem przypadk\u00f3w uznanych za wolne u\u017cytkowanie, przewidzianych w prawodawstwie portugalskim, w szczeg\u00f3lno\u015bci w Kodeksie Praw Autorskich i Praw Pokrewnych.<\/span>\r\n\r\n<span style=\"font-weight: 400;\">Nieautoryzowane u\u017cycie, niezale\u017cnie od formy, w jakiej ma miejsce, b\u0119dzie uwa\u017cane za niezgodne z prawem, \u015bcigane karnie i cywilnie, jak r\u00f3wnie\u017c dyscyplinarnie, w zale\u017cno\u015bci od przypadku, przez s\u0105dy portugalskie, zgodnie z ustaw\u0105 o przest\u0119pstwach komputerowych, Kodeksem Praw Autorskich i Praw Pokrewnych, Kodeksem W\u0142asno\u015bci Przemys\u0142owej oraz innymi obowi\u0105zuj\u0105cymi przepisami.<\/span>\r\n\r\n<span style=\"font-weight: 400;\">Wsparcie techniczne<\/span>\r\n\r\n<span style=\"font-weight: 400;\">W przypadku jakiejkolwiek pomocy lub wsparcia technicznego, prosimy o kontakt z Centrum Pomocy, poprzez link HELP-DESK lub telefonicznie (+351) 213 243 750, dost\u0119pny w ka\u017cdy dzie\u0144 roboczy, w godzinach od 9:00 do 18:00.<\/span>\r\n\r\n<span style=\"font-weight: 400;\">Wersja karty technicznej<\/span>\r\n\r\n<span style=\"font-weight: 400;\">Karta techniczna zosta\u0142a opublikowana 2 listopada 2023 r., z numerem referencyjnym: Wersja DC\/01.<\/span>","_et_gb_content_width":"","inline_featured_image":false,"footnotes":""},"categories":[],"tags":[],"class_list":["post-24616","page","type-page","status-publish","hentry"],"_links":{"self":[{"href":"https:\/\/www.whistleblowingofficer.com\/simoldespolska\/pl\/wp-json\/wp\/v2\/pages\/24616","targetHints":{"allow":["GET"]}}],"collection":[{"href":"https:\/\/www.whistleblowingofficer.com\/simoldespolska\/pl\/wp-json\/wp\/v2\/pages"}],"about":[{"href":"https:\/\/www.whistleblowingofficer.com\/simoldespolska\/pl\/wp-json\/wp\/v2\/types\/page"}],"author":[{"embeddable":true,"href":"https:\/\/www.whistleblowingofficer.com\/simoldespolska\/pl\/wp-json\/wp\/v2\/users\/1"}],"replies":[{"embeddable":true,"href":"https:\/\/www.whistleblowingofficer.com\/simoldespolska\/pl\/wp-json\/wp\/v2\/comments?post=24616"}],"version-history":[{"count":3,"href":"https:\/\/www.whistleblowingofficer.com\/simoldespolska\/pl\/wp-json\/wp\/v2\/pages\/24616\/revisions"}],"predecessor-version":[{"id":24640,"href":"https:\/\/www.whistleblowingofficer.com\/simoldespolska\/pl\/wp-json\/wp\/v2\/pages\/24616\/revisions\/24640"}],"up":[{"embeddable":true,"href":"https:\/\/www.whistleblowingofficer.com\/simoldespolska\/pl\/wp-json\/wp\/v2\/pages\/24596"}],"wp:attachment":[{"href":"https:\/\/www.whistleblowingofficer.com\/simoldespolska\/pl\/wp-json\/wp\/v2\/media?parent=24616"}],"wp:term":[{"taxonomy":"category","embeddable":true,"href":"https:\/\/www.whistleblowingofficer.com\/simoldespolska\/pl\/wp-json\/wp\/v2\/categories?post=24616"},{"taxonomy":"post_tag","embeddable":true,"href":"https:\/\/www.whistleblowingofficer.com\/simoldespolska\/pl\/wp-json\/wp\/v2\/tags?post=24616"}],"curies":[{"name":"wp","href":"https:\/\/api.w.org\/{rel}","templated":true}]}}