{"id":24613,"date":"2023-11-20T15:32:13","date_gmt":"2023-11-20T15:32:13","guid":{"rendered":"https:\/\/www.whistleblowingofficer.com\/simoldespolska\/?page_id=24613"},"modified":"2024-09-20T16:48:36","modified_gmt":"2024-09-20T16:48:36","slug":"polityka-cookies","status":"publish","type":"page","link":"https:\/\/www.whistleblowingofficer.com\/simoldespolska\/pl\/simoldes-plasticos-polska-wroclaw\/sygnalisci\/polityka-cookies\/","title":{"rendered":"Polityka Cookies"},"content":{"rendered":"<h1><span style=\"font-weight: 400;\">Polityka Cookies<\/span><\/h1>\n<ol>\n<li style=\"font-weight: 400;\" aria-level=\"1\"><span style=\"font-weight: 400;\">Zaanga\u017cowanie w ochron\u0119 danych i prywatno\u015b\u0107<\/span><\/li>\n<\/ol>\n<p><span style=\"font-weight: 400;\">Polityka Cookies lub \u015awiadectw Po\u0142\u0105cze\u0144 reguluje przetwarzanie danych, w tym danych osobowych u\u017cytkownik\u00f3w (\u201eU\u017cytkownik\u201d lub \u201eU\u017cytkownicy\u201d), zbieranych w ramach korzystania z witryn elektronicznych lub aplikacji za pomoc\u0105 Cookies, przez Simoldes Plasticos Polska Wroc\u0142aw, z numerem identyfikacji podatkowej 5213244622, jako podmiot odpowiedzialny za przetwarzanie, zwany dalej \u201eSimoldes Polska\u201d.<\/span><\/p>\n<p><span style=\"font-weight: 400;\">Niniejsza Polityka Cookies okre\u015bla rodzaje Cookies u\u017cywanych przez Simoldes Polska na swojej stronie internetowej dost\u0119pnej pod adresem <\/span><a href=\"http:\/\/www.simoldes.com\"><span style=\"font-weight: 400;\">www.simoldes.com<\/span><\/a><span style=\"font-weight: 400;\">, z wy\u0142\u0105czeniem innych stron, kt\u00f3re mog\u0105 mie\u0107 w\u0142asne polityki Cookies.<\/span><\/p>\n<p><span style=\"font-weight: 400;\">Mo\u017cna wybra\u0107 rodzaje Cookies, kt\u00f3re mog\u0105 by\u0107 pobierane na urz\u0105dzenie s\u0142u\u017c\u0105ce do dost\u0119pu do Internetu (komputer, telefon kom\u00f3rkowy, tablet itp.) za pomoc\u0105 ustawie\u0144 prywatno\u015bci w opcjach przegl\u0105darki internetowej (zwanej dalej \u201eprzegl\u0105dark\u0105\u201d).<\/span><\/p>\n<ol>\n<li style=\"font-weight: 400;\" aria-level=\"1\"><span style=\"font-weight: 400;\">Polityka Cookies i Polityka Ochrony Danych<\/span><\/li>\n<\/ol>\n<p><span style=\"font-weight: 400;\">Niniejsza Polityka Cookies musi by\u0107 czytana przez U\u017cytkownika w po\u0142\u0105czeniu z og\u00f3ln\u0105 Polityk\u0105 Ochrony Danych Simoldes Polska, dost\u0119pn\u0105 dla U\u017cytkownika pod adresem <\/span><a href=\"http:\/\/www.simoldes.com\"><span style=\"font-weight: 400;\">www.simoldes.com<\/span><\/a><span style=\"font-weight: 400;\">, za po\u015brednictwem ustawie\u0144 prywatno\u015bci w opcjach przegl\u0105darki internetowej.<\/span><\/p>\n<ol>\n<li style=\"font-weight: 400;\" aria-level=\"1\"><span style=\"font-weight: 400;\">Punkty kontaktowe<\/span><\/li>\n<\/ol>\n<p><span style=\"font-weight: 400;\">W przypadku jakichkolwiek pyta\u0144 dotycz\u0105cych Polityki Cookies mo\u017cna skontaktowa\u0107 si\u0119 z Simoldes Polska za po\u015brednictwem nast\u0119puj\u0105cych punkt\u00f3w kontaktowych:<\/span><\/p>\n<p><span style=\"font-weight: 400;\">\u2013 Adres e-mail: spp@simoldes.com;<\/span><\/p>\n<p><span style=\"font-weight: 400;\">\u2013 Adres pocztowy: Ul. Zachodnia, 7, 55-220 Jelcz-Laskowice, Polska;<\/span><\/p>\n<p><span style=\"font-weight: 400;\">\u2013 Kontakt telefoniczny: +48 713 013 500;<\/span><\/p>\n<ol>\n<li style=\"font-weight: 400;\" aria-level=\"1\"><span style=\"font-weight: 400;\">Poj\u0119cie Cookies<\/span><\/li>\n<\/ol>\n<p><span style=\"font-weight: 400;\">Cookies to ma\u0142e pliki informacyjne umieszczane przez strony internetowe odwiedzane przez U\u017cytkownika i przechowywane w przegl\u0105darce urz\u0105dzenia u\u017cywanego do dost\u0119pu do Internetu (np. komputera lub telefonu kom\u00f3rkowego). Pliki te pomagaj\u0105 stronom internetowym zapami\u0119tywa\u0107 informacje o wizytach i u\u0142atwiaj\u0105 kolejne wizyty, utrzymuj\u0105c dzia\u0142ania i preferencje U\u017cytkownik\u00f3w przez okre\u015blony czas, zachowuj\u0105c lub rozpoznaj\u0105c nazwisko U\u017cytkownika, j\u0119zyk, w kt\u00f3rym chc\u0105 przegl\u0105da\u0107 strony, lub inne ustawienia, a tak\u017ce personalizuj\u0105c do\u015bwiadczenia U\u017cytkownika za pomoc\u0105 okre\u015blonych tre\u015bci lub umo\u017cliwiaj\u0105c zbieranie informacji o korzystaniu ze stron internetowych.<\/span><\/p>\n<ol>\n<li style=\"font-weight: 400;\" aria-level=\"1\"><span style=\"font-weight: 400;\">Klasyfikacja Cookies<\/span><\/li>\n<\/ol>\n<p><span style=\"font-weight: 400;\">Cookies mo\u017cna podzieli\u0107 na trzy szerokie kategorie, w zale\u017cno\u015bci od<\/span><\/p>\n<p><span style=\"font-weight: 400;\">\u2013 ich celu<\/span><\/p>\n<p><span style=\"font-weight: 400;\">\u2013 podmiotu umieszczaj\u0105cego oraz<\/span><\/p>\n<p><span style=\"font-weight: 400;\">\u2013 okresu ich przydatno\u015bci lub okresu przechowywania.<\/span><\/p>\n<ol>\n<li style=\"font-weight: 400;\" aria-level=\"1\"><span style=\"font-weight: 400;\">Klasyfikacja Cookies wed\u0142ug celu<\/span><\/li>\n<\/ol>\n<p><span style=\"font-weight: 400;\">Cookies s\u0105 klasyfikowane wed\u0142ug ich celu w nast\u0119puj\u0105cy spos\u00f3b:<\/span><\/p>\n<p><span style=\"font-weight: 400;\">(a) Niezb\u0119dne cookies \u2013 s\u0105 funkcjonalne i niezb\u0119dne do zapewnienia dzia\u0142ania strony internetowej i\/lub zapewnienia dost\u0119pno\u015bci funkcji wymaganych przez U\u017cytkownika, a tak\u017ce do zapisywania ich preferencji przegl\u0105dania, gdy korzystaj\u0105 z tego samego urz\u0105dzenia i tak \u017c\u0105daj\u0105.<\/span><\/p>\n<p><span style=\"font-weight: 400;\">(b) Cookies analityczne \u2013 maj\u0105 charakter pomocniczy i zbieraj\u0105 informacje statystyczne w celu analizy korzystania z witryny i zarz\u0105dzania relacjami z odwiedzaj\u0105cymi, mierz\u0105c interakcje z wy\u015bwietlanymi reklamami.<\/span><\/p>\n<p><span style=\"font-weight: 400;\">(c) Cookies personalizacyjne \u2013 maj\u0105 charakter pomocniczy i nie s\u0105 niezb\u0119dne do dzia\u0142ania strony internetowej, poprawiaj\u0105 jej wydajno\u015b\u0107, umo\u017cliwiaj\u0105c personalizacj\u0119 do\u015bwiadcze\u0144 u\u017cytkownika w przegl\u0105daniu.<\/span><\/p>\n<p><span style=\"font-weight: 400;\">(d) Cookies reklamowe \u2013 maj\u0105 charakter pomocniczy, staraj\u0105c si\u0119 uczyni\u0107 reklamy bardziej atrakcyjnymi dla u\u017cytkownik\u00f3w i reklamodawc\u00f3w, wybieraj\u0105c reklamy na podstawie wybor\u00f3w U\u017cytkownika, w celu poprawy raport\u00f3w dotycz\u0105cych wynik\u00f3w kampanii i ulepszenia prezentacji reklam, kt\u00f3re U\u017cytkownik ju\u017c widzia\u0142 lub oznaczy\u0142 jako istotne.<\/span><\/p>\n<ol>\n<li style=\"font-weight: 400;\" aria-level=\"1\"><span style=\"font-weight: 400;\">Klasyfikacja Cookies wed\u0142ug podmiotu umieszczaj\u0105cego<\/span><\/li>\n<\/ol>\n<p><span style=\"font-weight: 400;\">Bior\u0105c pod uwag\u0119 podmiot odpowiedzialny za umieszczanie Cookies, s\u0105 one klasyfikowane w nast\u0119puj\u0105cy spos\u00f3b:<\/span><\/p>\n<p><span style=\"font-weight: 400;\">(a) Cookies w\u0142asne \u2013 Cookies wysy\u0142ane na urz\u0105dzenie U\u017cytkownika za po\u015brednictwem urz\u0105dze\u0144 lub domen zarz\u0105dzanych przez Simoldes, z kt\u00f3rych jest \u015bwiadczona us\u0142uga zam\u00f3wiona przez U\u017cytkownika.<\/span><\/p>\n<p><span style=\"font-weight: 400;\">(b) Cookies zewn\u0119trzne \u2013 wysy\u0142ane na urz\u0105dzenie U\u017cytkownika z urz\u0105dzenia lub domeny zarz\u0105dzanej przez podmiot zewn\u0119trzny, nad kt\u00f3rym Simoldes nie ma kontroli, w takim przypadku podmiot zewn\u0119trzny mo\u017ce przetwarza\u0107 zebrane dane bez mo\u017cliwo\u015bci ich skonfigurowania przez Simoldes.<\/span><\/p>\n<ol>\n<li style=\"font-weight: 400;\" aria-level=\"1\"><span style=\"font-weight: 400;\">Klasyfikacja Cookies wed\u0142ug okresu przydatno\u015bci<\/span><\/li>\n<\/ol>\n<p><span style=\"font-weight: 400;\">Bior\u0105c pod uwag\u0119 okres przydatno\u015bci Cookies, s\u0105 one klasyfikowane w nast\u0119puj\u0105cy spos\u00f3b:<\/span><\/p>\n<p><span style=\"font-weight: 400;\">(a) Cookies \u201esesyjne\u201d \u2013 tymczasowe Cookies, kt\u00f3re s\u0105 zazwyczaj usuwane po opuszczeniu strony internetowej przez U\u017cytkownika.<\/span><\/p>\n<p><span style=\"font-weight: 400;\">(b) Cookies \u201esta\u0142e\u201d \u2013 s\u0105 to Cookies, kt\u00f3re pozostaj\u0105 na urz\u0105dzeniu U\u017cytkownika do okre\u015blonej daty, na poziomie przegl\u0105darki, i s\u0105 u\u017cywane za ka\u017cdym razem, gdy U\u017cytkownik ponownie odwiedza witryn\u0119.<\/span><\/p>\n<ol>\n<li style=\"font-weight: 400;\" aria-level=\"1\"><span style=\"font-weight: 400;\">Lista Cookies \u2013 prezentacja<\/span><\/li>\n<\/ol>\n<p><span style=\"font-weight: 400;\">Na tej stronie mog\u0105 by\u0107 u\u017cywane nast\u0119puj\u0105ce rodzaje Cookies<\/span><\/p>\n<p><span style=\"font-weight: 400;\">Cookie<\/span><\/p>\n<p><span style=\"font-weight: 400;\">Domena<\/span><\/p>\n<p><span style=\"font-weight: 400;\">Opis<\/span><\/p>\n<p><span style=\"font-weight: 400;\">Czas trwania<\/span><\/p>\n<p><span style=\"font-weight: 400;\">Rodzaj<\/span><\/p>\n<p><span style=\"font-weight: 400;\">entryPoint<\/span><\/p>\n<p><a href=\"http:\/\/www.simoldes.com\"><span style=\"font-weight: 400;\">www.simoldes.com<\/span><\/a><\/p>\n<p><span style=\"font-weight: 400;\">Brak dost\u0119pnego opisu.<\/span><\/p>\n<p><span style=\"font-weight: 400;\">7 dni<\/span><\/p>\n<p><span style=\"font-weight: 400;\">Inne<\/span><\/p>\n<p><span style=\"font-weight: 400;\">wp-wpml_current_language<\/span><\/p>\n<p><a href=\"http:\/\/www.simoldes.com\"><span style=\"font-weight: 400;\">www.simoldes.com<\/span><\/a><\/p>\n<p><span style=\"font-weight: 400;\">Brak dost\u0119pnego opisu.<\/span><\/p>\n<p><span style=\"font-weight: 400;\">sesja<\/span><\/p>\n<p><span style=\"font-weight: 400;\">Inne<\/span><\/p>\n<ol>\n<li><span style=\"font-weight: 400;\">a) Inne.<\/span><\/li>\n<\/ol>\n<ol>\n<li style=\"font-weight: 400;\" aria-level=\"1\"><span style=\"font-weight: 400;\">Lista Cookies \u2013 opis<\/span><\/li>\n<\/ol>\n<p><span style=\"font-weight: 400;\">Na dzie\u0144 dzisiejszy szczeg\u00f3\u0142owe informacje dotycz\u0105ce funkcji i zastosowania tych Cookies s\u0105 nast\u0119puj\u0105ce:<\/span><\/p>\n<ol>\n<li style=\"font-weight: 400;\" aria-level=\"1\"><span style=\"font-weight: 400;\">Akceptacja u\u017cywania Cookies<\/span><\/li>\n<\/ol>\n<p><span style=\"font-weight: 400;\">Strony internetowe nie mog\u0105 funkcjonowa\u0107 bez \u015bci\u015ble niezb\u0119dnych funkcjonalnych Cookies, wi\u0119c U\u017cytkownik jest zobowi\u0105zany do zaakceptowania ich u\u017cycia. W odniesieniu do innych typ\u00f3w Cookies, U\u017cytkownik jest wolny, aby wyrazi\u0107 zgod\u0119 na ich u\u017cycie.<\/span><\/p>\n<p><span style=\"font-weight: 400;\">Zawsze prosimy o uprzedni\u0105 i wyra\u017an\u0105 zgod\u0119 U\u017cytkownika, chyba \u017ce umieszczenie niekt\u00f3rych Cookies jest \u015bci\u015ble niezb\u0119dne do \u015bwiadczenia us\u0142ugi, kt\u00f3r\u0105 U\u017cytkownik wyra\u017anie za\u017c\u0105da\u0142, lub do zapewnienia dost\u0119pu do okre\u015blonej funkcji tej us\u0142ugi, takiej jak dost\u0119p do obszar\u00f3w zastrze\u017conych, dost\u0119p do okre\u015blonych funkcji lub stron itp.<\/span><\/p>\n<ol>\n<li style=\"font-weight: 400;\" aria-level=\"1\"><span style=\"font-weight: 400;\">Konfiguracja przegl\u0105darki<\/span><\/li>\n<\/ol>\n<p><span style=\"font-weight: 400;\">Przegl\u0105darki umo\u017cliwiaj\u0105 indywidualn\u0105 kontrol\u0119 Cookies przechowywanych na urz\u0105dzeniu, a tak\u017ce ich natychmiastowe usuni\u0119cie, je\u015bli U\u017cytkownik chce zaprzesta\u0107 lokalnego przechowywania Cookies.<\/span><\/p>\n<p><span style=\"font-weight: 400;\">Ka\u017cdy U\u017cytkownik mo\u017ce zmieni\u0107 ustawienia przegl\u0105darki, aby blokowa\u0107 instalacj\u0119 Cookies lub powiadamia\u0107 go za ka\u017cdym razem, gdy ustawiane jest Cookie.<\/span><\/p>\n<p><span style=\"font-weight: 400;\">Wi\u0119cej informacji na temat tego, jak przeprowadzi\u0107 \u201eprywatne przegl\u0105danie lub brak logowania danych\u201d i skutecznie zarz\u0105dza\u0107 Cookies, mo\u017cna znale\u017a\u0107 na:<\/span><\/p>\n<p><span style=\"font-weight: 400;\">\u2013 Firefox, kliknij tutaj;<\/span><\/p>\n<p><a href=\"https:\/\/support.mozilla.org\/en-US\/kb\/enhanced-tracking-protection-firefox-desktop?redirectslug=enable-and-disable-cookies-website-preferences&amp;redirectlocale=en-US\"><span style=\"font-weight: 400;\">https:\/\/support.mozilla.org\/en-US\/kb\/enhanced-tracking-protection-firefox-desktop?redirectslug=enable-and-disable-cookies-website-preferences&amp;redirectlocale=en-US<\/span><\/a><\/p>\n<p><span style=\"font-weight: 400;\">\u2013 Chrome, kliknij tutaj;<\/span><\/p>\n<p><a href=\"https:\/\/support.google.com\/chrome\/answer\/95647?hl=en?hl=en\"><span style=\"font-weight: 400;\">https:\/\/support.google.com\/chrome\/answer\/95647?hl=en?hl=en<\/span><\/a><\/p>\n<p><span style=\"font-weight: 400;\">\u2013 Internet Explorer, kliknij tutaj;<\/span><\/p>\n<p><a href=\"https:\/\/support.microsoft.com\/pt-pt\/windows\/eliminar-e-gerir-cookies-168dab11-0753-043d-7c16-ede5947fc64d\"><span style=\"font-weight: 400;\">https:\/\/support.microsoft.com\/pt-pt\/windows\/eliminar-e-gerir-cookies-168dab11-0753-043d-7c16-ede5947fc64d<\/span><\/a><\/p>\n<p><span style=\"font-weight: 400;\">\u2013 Microsoft Edge, kliknij tutaj;<\/span><\/p>\n<p><a href=\"https:\/\/support.microsoft.com\/pt-pt\/windows\/eliminar-e-gerir-cookies-168dab11-0753-043d-7c16-ede5947fc64d\"><span style=\"font-weight: 400;\">https:\/\/support.microsoft.com\/pt-pt\/windows\/eliminar-e-gerir-cookies-168dab11-0753-043d-7c16-ede5947fc64d<\/span><\/a><\/p>\n<p><span style=\"font-weight: 400;\">\u2013 Safari, kliknij tutaj;<\/span><\/p>\n<p><a href=\"https:\/\/support.apple.com\/en-us\/HT201265\"><span style=\"font-weight: 400;\">https:\/\/support.apple.com\/en-us\/HT201265<\/span><\/a><\/p>\n<p><span style=\"font-weight: 400;\">\u2013 Opera, kliknij tutaj;<\/span><\/p>\n<p><a href=\"https:\/\/help.opera.com\/en\/latest\/security-and-privacy\/#privateWindow\"><span style=\"font-weight: 400;\">https:\/\/help.opera.com\/en\/latest\/security-and-privacy\/#privateWindow<\/span><\/a><\/p>\n<p><span style=\"font-weight: 400;\">Nale\u017cy by\u0107 \u015bwiadomym konsekwencji dezaktywacji Cookies, poniewa\u017c mo\u017ce to mie\u0107 wp\u0142yw na dzia\u0142anie odpowiednich stron internetowych, poniewa\u017c panel ustawie\u0144 wi\u0119kszo\u015bci nowoczesnych przegl\u0105darek nie oferuje poziomu szczeg\u00f3\u0142owo\u015bci, kt\u00f3ry pozwala U\u017cytkownikom usun\u0105\u0107 tylko te Cookies, kt\u00f3re nie s\u0105 \u015bci\u015ble niezb\u0119dne do korzystania z odwiedzanych stron internetowych.<\/span><\/p>\n<ol>\n<li style=\"font-weight: 400;\" aria-level=\"1\"><span style=\"font-weight: 400;\">Aplikacje do ochrony prywatno\u015bci<\/span><\/li>\n<\/ol>\n<p><span style=\"font-weight: 400;\">Na stronach, urz\u0105dzeniach lub sprz\u0119cie, kt\u00f3re oferuj\u0105 tego rodzaju funkcjonalno\u015b\u0107, U\u017cytkownik mo\u017ce mie\u0107 wi\u0119ksz\u0105 kontrol\u0119 nad swoimi Cookies za pomoc\u0105 darmowych aplikacji ochrony prywatno\u015bci, kt\u00f3re s\u0105 dost\u0119pne na r\u00f3\u017cnych platformach online \u2013 niekt\u00f3re przyk\u0142ady takich aplikacji to, mi\u0119dzy innymi:<\/span><\/p>\n<p><span style=\"font-weight: 400;\">Ghostery;<\/span><\/p>\n<p><span style=\"font-weight: 400;\">Privacy Possum;<\/span><\/p>\n<p><span style=\"font-weight: 400;\">Cookie AutoDelete;<\/span><\/p>\n<p><span style=\"font-weight: 400;\">itp.<\/span><\/p>\n<ol>\n<li style=\"font-weight: 400;\" aria-level=\"1\"><span style=\"font-weight: 400;\">Zmiany w Polityce Cookies<\/span><\/li>\n<\/ol>\n<p><span style=\"font-weight: 400;\">Simoldes Polska zastrzega sobie prawo do swobodnego i w dowolnym czasie, bez wcze\u015bniejszego powiadomienia i ze skutkiem natychmiastowym, zmiany, dodania lub odwo\u0142ania, cz\u0119\u015bciowo lub ca\u0142kowicie, niniejszej Polityki Cookies.<\/span><\/p>\n<p><span style=\"font-weight: 400;\">Wszelkie zmiany b\u0119d\u0105 natychmiast ujawniane na kana\u0142ach komunikacji organizacji, a U\u017cytkownicy b\u0119d\u0105 mogli uzyska\u0107 dost\u0119p do informacji i, w zale\u017cno\u015bci od konkretnego typu Cookies, wyrazi\u0107 zgod\u0119 na ich u\u017cycie w spos\u00f3b \u015bwiadomy lub, w stosownych przypadkach, wycofa\u0107 wcze\u015bniej udzielon\u0105 zgod\u0119 poprzez konfiguracj\u0119 przegl\u0105darki.<\/span><\/p>\n<ol>\n<li style=\"font-weight: 400;\" aria-level=\"1\"><span style=\"font-weight: 400;\">Wykonywanie praw<\/span><\/li>\n<\/ol>\n<p><span style=\"font-weight: 400;\">U\u017cytkownicy, jako posiadacze danych osobowych, mog\u0105 w ka\u017cdej chwili wykonywa\u0107 swoje prawa w zakresie ochrony danych i prywatno\u015bci, mianowicie prawa do wycofania zgody, dost\u0119pu, sprostowania, usuni\u0119cia, przenoszenia, ograniczenia lub sprzeciwu wobec przetwarzania, na warunkach i z ograniczeniami przewidzianymi w obowi\u0105zuj\u0105cych przepisach.<\/span><\/p>\n<p><span style=\"font-weight: 400;\">Ka\u017cdy wniosek o wykonanie praw w zakresie ochrony danych i prywatno\u015bci musi by\u0107 skierowany na pi\u015bmie przez danego podmiotu danych do Inspektora Ochrony Danych Simoldes Polska na adres e-mail dataprotection@simoldes.com lub zg\u0142oszony za pomoc\u0105 Formularza Wykonywania Praw dost\u0119pnego w ka\u017cdym punkcie obs\u0142ugi lub na <\/span><a href=\"https:\/\/www.dataprotectionofficer.help\/simoldes\/forms\/\"><span style=\"font-weight: 400;\">https:\/\/www.dataprotectionofficer.help\/simoldes\/forms\/<\/span><\/a><span style=\"font-weight: 400;\">.<\/span><\/p>\n<ol>\n<li style=\"font-weight: 400;\" aria-level=\"1\"><span style=\"font-weight: 400;\">Zg\u0142aszanie incydent\u00f3w<\/span><\/li>\n<\/ol>\n<p><span style=\"font-weight: 400;\">Simoldes Polska wdro\u017cy\u0142a system zarz\u0105dzania incydentami dotycz\u0105cymi ochrony danych i bezpiecze\u0144stwa informacji.<\/span><\/p>\n<p><span style=\"font-weight: 400;\">Je\u015bli kt\u00f3rykolwiek U\u017cytkownik chce zg\u0142osi\u0107 naruszenie danych osobowych, kt\u00f3re przypadkowo lub niezgodnie z prawem powoduje nieautoryzowane zniszczenie, utrat\u0119, zmian\u0119, ujawnienie lub dost\u0119p do danych osobowych przesy\u0142anych, przechowywanych lub w inny spos\u00f3b przetwarzanych, mo\u017ce skontaktowa\u0107 si\u0119 z Inspektorem Ochrony Danych na adres dataprotection@simoldes.com lub skorzysta\u0107 z og\u00f3lnych kontakt\u00f3w Simoldes Polska.<\/span><\/p>\n<p><span style=\"font-weight: 400;\">Formularz Zg\u0142aszania Incydent\u00f3w Naruszenia Danych Simoldes Polska jest dost\u0119pny w ka\u017cdym punkcie obs\u0142ugi lub na <\/span><a href=\"https:\/\/www.dataprotectionofficer.help\/simoldes\/forms\/\"><span style=\"font-weight: 400;\">https:\/\/www.dataprotectionofficer.help\/simoldes\/forms\/<\/span><\/a><span style=\"font-weight: 400;\">.<\/span><\/p>\n<ol>\n<li style=\"font-weight: 400;\" aria-level=\"1\"><span style=\"font-weight: 400;\">Sugestie, skargi lub roszczenia<\/span><\/li>\n<\/ol>\n<p><span style=\"font-weight: 400;\">U\u017cytkownicy mog\u0105 sk\u0142ada\u0107 sugestie dotycz\u0105ce \u015brodk\u00f3w technicznych lub organizacyjnych, kt\u00f3re uwa\u017caj\u0105 za najbardziej odpowiednie do poprawy warunk\u00f3w ochrony danych i prywatno\u015bci, wysy\u0142aj\u0105c je na adres e-mail Inspektora Ochrony Danych Simoldes Polska lub za pomoc\u0105 Formularza Sugestii dotycz\u0105cego Ochrony Danych i Prywatno\u015bci dost\u0119pnego w ka\u017cdym punkcie obs\u0142ugi lub na <\/span><a href=\"https:\/\/www.dataprotectionofficer.help\/simoldes\/forms\/\"><span style=\"font-weight: 400;\">https:\/\/www.dataprotectionofficer.help\/simoldes\/forms\/<\/span><\/a><span style=\"font-weight: 400;\">.<\/span><\/p>\n<p><span style=\"font-weight: 400;\">U\u017cytkownicy maj\u0105 r\u00f3wnie\u017c prawo do z\u0142o\u017cenia skargi, rejestruj\u0105c skarg\u0119 w Ksi\u0105\u017cce Skarg lub zg\u0142aszaj\u0105c skarg\u0119 organom nadzorczym \u2013 w tym przypadku mog\u0105 z\u0142o\u017cy\u0107 petycj\u0119 lub skarg\u0119 bezpo\u015brednio do krajowego organu nadzorczego za po\u015brednictwem kontakt\u00f3w dost\u0119pnych na stronie <\/span><a href=\"http:\/\/www.cnpd.pt\"><span style=\"font-weight: 400;\">www.cnpd.pt<\/span><\/a><span style=\"font-weight: 400;\">.<\/span><\/p>\n<ol>\n<li style=\"font-weight: 400;\" aria-level=\"1\"><span style=\"font-weight: 400;\">Inspektor Ochrony Danych<\/span><\/li>\n<\/ol>\n<p><span style=\"font-weight: 400;\">Simoldes Polska wyznaczy\u0142a Inspektora Ochrony Danych, kt\u00f3rego dane kontaktowe s\u0105 nast\u0119puj\u0105ce:<\/span><\/p>\n<p><span style=\"font-weight: 400;\">\u2013 Adres e-mail: dataprotection@simoldes.com;<\/span><\/p>\n<p><span style=\"font-weight: 400;\">\u2013 Adres pocztowy: Ul. Zachodnia, 7, 55-220 Jelcz-Laskowice, Polska.<\/span><\/p>\n<ol>\n<li style=\"font-weight: 400;\" aria-level=\"1\"><span style=\"font-weight: 400;\">Sta\u0142y Punkt Kontaktowy ds. Bezpiecze\u0144stwa<\/span><\/li>\n<\/ol>\n<p><span style=\"font-weight: 400;\">Simoldes Polska wdro\u017cy\u0142a Sta\u0142y Punkt Kontaktowy ds. Zarz\u0105dzania Incydentami Bezpiecze\u0144stwa Informacji i Bezpiecze\u0144stwa w Cyberprzestrzeni.<\/span><\/p>\n<p><span style=\"font-weight: 400;\">Je\u015bli kt\u00f3rykolwiek U\u017cytkownik, Odbiorca Us\u0142ug lub U\u017cytkownik chce zg\u0142osi\u0107 incydent bezpiecze\u0144stwa informacji lub incydent bezpiecze\u0144stwa w cyberprzestrzeni, mo\u017ce skontaktowa\u0107 si\u0119 ze Sta\u0142ym Punktem Kontaktowym Simoldes Polska za po\u015brednictwem nast\u0119puj\u0105cych kana\u0142\u00f3w komunikacji:<\/span><\/p>\n<p><span style=\"font-weight: 400;\">\u2013 telefon: [Telefon PCP];<\/span><\/p>\n<p><span style=\"font-weight: 400;\">\u2013 e-mail: [E-Mail PCP].<\/span><\/p>\n<p><span style=\"font-weight: 400;\">Formularz Zg\u0142aszania Incydent\u00f3w Bezpiecze\u0144stwa Informacji lub Bezpiecze\u0144stwa w Cyberprzestrzeni jest dost\u0119pny w ka\u017cdym punkcie obs\u0142ugi Simoldes Polska i mo\u017ce by\u0107 r\u00f3wnie\u017c przes\u0142any e-mailem, po jego wcze\u015bniejszym zam\u00f3wieniu w Sta\u0142ym Punkcie Kontaktowym.<\/span><\/p>\n<ol>\n<li style=\"font-weight: 400;\" aria-level=\"1\"><span style=\"font-weight: 400;\">Arkusz informacyjny dotycz\u0105cy przetwarzania danych<\/span><\/li>\n<\/ol>\n<p><span style=\"font-weight: 400;\">Aby uzyska\u0107 bardziej szczeg\u00f3\u0142owe informacje na temat przetwarzania danych U\u017cytkownik\u00f3w przez Cookies, prosimy o kontakt z Inspektorem Ochrony Danych na adres dataprotection@simoldes.com.<\/span><\/p>\n<ol>\n<li style=\"font-weight: 400;\" aria-level=\"1\"><span style=\"font-weight: 400;\">Przydatne linki<\/span><\/li>\n<\/ol>\n<p><span style=\"font-weight: 400;\">Aby uzyska\u0107 wi\u0119cej informacji na temat Cookies, w szczeg\u00f3lno\u015bci na temat obowi\u0105zuj\u0105cych standard\u00f3w, konfiguracji system\u00f3w nawigacyjnych, praw u\u017cytkownik\u00f3w itp., prosimy o odwiedzenie strony <\/span><a href=\"http:\/\/www.politicasdecookies.com\"><span style=\"font-weight: 400;\">www.politicasdecookies.com<\/span><\/a><span style=\"font-weight: 400;\">.<\/span><\/p>\n<ol>\n<li style=\"font-weight: 400;\" aria-level=\"1\"><span style=\"font-weight: 400;\">Wersja i data Polityki Cookies<\/span><\/li>\n<\/ol>\n<p><span style=\"font-weight: 400;\">Data: 21 listopada 2023 r.;<\/span><\/p>\n<p><span style=\"font-weight: 400;\">Wersja: 2023.04;<\/span><\/p>\n<p><span style=\"font-weight: 400;\">Aby zapozna\u0107 si\u0119 z wcze\u015bniejszymi wersjami Polityki Cookies, prosimy o kontakt z Inspektorem Ochrony Danych na adres e-mail dataprotection@simoldes.com.<\/span><\/p>\n","protected":false},"excerpt":{"rendered":"<p>Polityka Cookies Zaanga\u017cowanie w ochron\u0119 danych i prywatno\u015b\u0107 Polityka Cookies lub \u015awiadectw Po\u0142\u0105cze\u0144 reguluje przetwarzanie danych, w tym danych osobowych u\u017cytkownik\u00f3w (\u201eU\u017cytkownik\u201d lub \u201eU\u017cytkownicy\u201d), zbieranych w ramach korzystania z witryn elektronicznych lub aplikacji za pomoc\u0105 Cookies, przez Simoldes Plasticos Polska Wroc\u0142aw, z numerem identyfikacji podatkowej 5213244622, jako podmiot odpowiedzialny za przetwarzanie, zwany dalej \u201eSimoldes Polska\u201d. [&hellip;]<\/p>\n","protected":false},"author":1,"featured_media":0,"parent":24596,"menu_order":4,"comment_status":"closed","ping_status":"closed","template":"","meta":{"_et_pb_use_builder":"off","_et_pb_old_content":"","_et_gb_content_width":"","inline_featured_image":false,"footnotes":""},"categories":[22,21],"tags":[],"class_list":["post-24613","page","type-page","status-publish","hentry","category-general_page-pl","category-whistleblowing-channel-pl"],"_links":{"self":[{"href":"https:\/\/www.whistleblowingofficer.com\/simoldespolska\/pl\/wp-json\/wp\/v2\/pages\/24613","targetHints":{"allow":["GET"]}}],"collection":[{"href":"https:\/\/www.whistleblowingofficer.com\/simoldespolska\/pl\/wp-json\/wp\/v2\/pages"}],"about":[{"href":"https:\/\/www.whistleblowingofficer.com\/simoldespolska\/pl\/wp-json\/wp\/v2\/types\/page"}],"author":[{"embeddable":true,"href":"https:\/\/www.whistleblowingofficer.com\/simoldespolska\/pl\/wp-json\/wp\/v2\/users\/1"}],"replies":[{"embeddable":true,"href":"https:\/\/www.whistleblowingofficer.com\/simoldespolska\/pl\/wp-json\/wp\/v2\/comments?post=24613"}],"version-history":[{"count":2,"href":"https:\/\/www.whistleblowingofficer.com\/simoldespolska\/pl\/wp-json\/wp\/v2\/pages\/24613\/revisions"}],"predecessor-version":[{"id":24632,"href":"https:\/\/www.whistleblowingofficer.com\/simoldespolska\/pl\/wp-json\/wp\/v2\/pages\/24613\/revisions\/24632"}],"up":[{"embeddable":true,"href":"https:\/\/www.whistleblowingofficer.com\/simoldespolska\/pl\/wp-json\/wp\/v2\/pages\/24596"}],"wp:attachment":[{"href":"https:\/\/www.whistleblowingofficer.com\/simoldespolska\/pl\/wp-json\/wp\/v2\/media?parent=24613"}],"wp:term":[{"taxonomy":"category","embeddable":true,"href":"https:\/\/www.whistleblowingofficer.com\/simoldespolska\/pl\/wp-json\/wp\/v2\/categories?post=24613"},{"taxonomy":"post_tag","embeddable":true,"href":"https:\/\/www.whistleblowingofficer.com\/simoldespolska\/pl\/wp-json\/wp\/v2\/tags?post=24613"}],"curies":[{"name":"wp","href":"https:\/\/api.w.org\/{rel}","templated":true}]}}