{"id":24605,"date":"2023-07-28T05:59:24","date_gmt":"2023-07-28T05:59:24","guid":{"rendered":"https:\/\/www.whistleblowingofficer.com\/simoldespolska\/simoldes-plasticos-polska-wroclaw\/faqs\/"},"modified":"2024-07-19T15:02:06","modified_gmt":"2024-07-19T15:02:06","slug":"faqs","status":"publish","type":"page","link":"https:\/\/www.whistleblowingofficer.com\/simoldespolska\/pl\/simoldes-plasticos-polska-wroclaw\/faqs\/","title":{"rendered":"FAQs"},"content":{"rendered":"<p>[et_pb_section fb_built=&#8221;1&#8243; admin_label=&#8221;Section&#8221; module_id=&#8221;Faqs&#8221; _builder_version=&#8221;4.21.0&#8243; _module_preset=&#8221;default&#8221; background_color=&#8221;#ececec&#8221; custom_padding=&#8221;89px||||false|false&#8221; da_disable_devices=&#8221;off|off|off&#8221; global_colors_info=&#8221;{}&#8221; theme_builder_area=&#8221;et_body_layout&#8221; da_is_popup=&#8221;off&#8221; da_exit_intent=&#8221;off&#8221; da_has_close=&#8221;on&#8221; da_alt_close=&#8221;off&#8221; da_dark_close=&#8221;off&#8221; da_not_modal=&#8221;on&#8221; da_is_singular=&#8221;off&#8221; da_with_loader=&#8221;off&#8221; da_has_shadow=&#8221;on&#8221;][et_pb_row use_custom_gutter=&#8221;on&#8221; gutter_width=&#8221;2&#8243; make_equal=&#8221;on&#8221; _builder_version=&#8221;4.21.0&#8243; _module_preset=&#8221;default&#8221; max_width=&#8221;1380px&#8221; custom_margin=&#8221;-1px|auto||auto||&#8221; custom_padding=&#8221;6px||4px|||&#8221; hover_enabled=&#8221;0&#8243; locked=&#8221;off&#8221; global_colors_info=&#8221;{}&#8221; theme_builder_area=&#8221;et_body_layout&#8221; sticky_enabled=&#8221;0&#8243;][et_pb_column type=&#8221;4_4&#8243; _builder_version=&#8221;4.16&#8243; _module_preset=&#8221;default&#8221; global_colors_info=&#8221;{}&#8221; theme_builder_area=&#8221;et_body_layout&#8221;][et_pb_toggle title=&#8221;Co to jest wykroczenie lub naruszenie?&#8221; admin_label=&#8221;Q01&#8243; _builder_version=&#8221;4.21.0&#8243; _module_preset=&#8221;default&#8221; title_font=&#8221;|700|||||||&#8221; title_font_size=&#8221;18px&#8221; border_radii=&#8221;on|5px|5px|5px|5px&#8221; global_colors_info=&#8221;{}&#8221; theme_builder_area=&#8221;et_body_layout&#8221; toggle_icon=&#8221;&#x27;||divi||400&#8243; open_toggle_icon=&#8221;&#x4a;||divi||400&#8243;][\/et_pb_toggle][et_pb_toggle title=&#8221;Jakie wykroczenia mog\u0119 zg\u0142asza\u0107? &#8221; admin_label=&#8221;Q02&#8243; _builder_version=&#8221;4.21.0&#8243; _module_preset=&#8221;default&#8221; title_font=&#8221;|700|||||||&#8221; title_font_size=&#8221;18px&#8221; border_radii=&#8221;on|5px|5px|5px|5px&#8221; global_colors_info=&#8221;{}&#8221; theme_builder_area=&#8221;et_body_layout&#8221; toggle_icon=&#8221;&#x27;||divi||400&#8243; open_toggle_icon=&#8221;&#x4a;||divi||400&#8243;][\/et_pb_toggle][et_pb_toggle title=&#8221;Co mo\u017ce by\u0107 przedmiotem lub tre\u015bci\u0105 skargi?&#8221; admin_label=&#8221;Q03&#8243; _builder_version=&#8221;4.21.0&#8243; _module_preset=&#8221;default&#8221; title_font=&#8221;|700|||||||&#8221; title_font_size=&#8221;18px&#8221; border_radii=&#8221;on|5px|5px|5px|5px&#8221; global_colors_info=&#8221;{}&#8221; theme_builder_area=&#8221;et_body_layout&#8221; toggle_icon=&#8221;&#x27;||divi||400&#8243; open_toggle_icon=&#8221;&#x4a;||divi||400&#8243;][\/et_pb_toggle][et_pb_toggle title=&#8221;Czy mog\u0119 korzysta\u0107 z kana\u0142u whistleblower do zg\u0142aszania nieprawid\u0142owo\u015bci?&#8221; admin_label=&#8221;Q04&#8243; _builder_version=&#8221;4.21.0&#8243; _module_preset=&#8221;default&#8221; title_font=&#8221;|700|||||||&#8221; title_font_size=&#8221;18px&#8221; border_radii=&#8221;on|5px|5px|5px|5px&#8221; global_colors_info=&#8221;{}&#8221; theme_builder_area=&#8221;et_body_layout&#8221; toggle_icon=&#8221;&#x27;||divi||400&#8243; open_toggle_icon=&#8221;&#x4a;||divi||400&#8243;][\/et_pb_toggle][et_pb_toggle title=&#8221;Kto mo\u017ce zosta\u0107 uznany za sygnalist\u0119 korzystaj\u0105cego z ochrony prawnej?&#8221; admin_label=&#8221;Q05&#8243; _builder_version=&#8221;4.21.0&#8243; _module_preset=&#8221;default&#8221; title_font=&#8221;|700|||||||&#8221; title_font_size=&#8221;18px&#8221; border_radii=&#8221;on|5px|5px|5px|5px&#8221; global_colors_info=&#8221;{}&#8221; theme_builder_area=&#8221;et_body_layout&#8221; toggle_icon=&#8221;&#x27;||divi||400&#8243; open_toggle_icon=&#8221;&#x4a;||divi||400&#8243;][\/et_pb_toggle][et_pb_toggle title=&#8221;Czy mog\u0119 anonimowo zg\u0142asza\u0107 nieprawid\u0142owo\u015bci?&#8221; admin_label=&#8221;Q06&#8243; _builder_version=&#8221;4.21.0&#8243; _module_preset=&#8221;default&#8221; title_font=&#8221;|700|||||||&#8221; title_font_size=&#8221;18px&#8221; border_radii=&#8221;on|5px|5px|5px|5px&#8221; global_colors_info=&#8221;{}&#8221; theme_builder_area=&#8221;et_body_layout&#8221; toggle_icon=&#8221;&#x27;||divi||400&#8243; open_toggle_icon=&#8221;&#x4a;||divi||400&#8243;][\/et_pb_toggle][et_pb_toggle title=&#8221;Jakie s\u0105 warunki korzystania z ochrony sygnalist\u00f3w?&#8221; admin_label=&#8221;Q07&#8243; _builder_version=&#8221;4.21.0&#8243; _module_preset=&#8221;default&#8221; title_font=&#8221;|700|||||||&#8221; title_font_size=&#8221;18px&#8221; border_radii=&#8221;on|5px|5px|5px|5px&#8221; global_colors_info=&#8221;{}&#8221; theme_builder_area=&#8221;et_body_layout&#8221; toggle_icon=&#8221;&#x27;||divi||400&#8243; open_toggle_icon=&#8221;&#x4a;||divi||400&#8243;][\/et_pb_toggle][et_pb_toggle title=&#8221;Czy istnieje jaki\u015b precedens mi\u0119dzy kana\u0142ami whistleblowingu a publicznym ujawnianiem informacji?&#8221; admin_label=&#8221;Q08&#8243; _builder_version=&#8221;4.21.0&#8243; _module_preset=&#8221;default&#8221; title_font=&#8221;|700|||||||&#8221; title_font_size=&#8221;18px&#8221; border_radii=&#8221;on|5px|5px|5px|5px&#8221; global_colors_info=&#8221;{}&#8221; theme_builder_area=&#8221;et_body_layout&#8221; toggle_icon=&#8221;&#x27;||divi||400&#8243; open_toggle_icon=&#8221;&#x4a;||divi||400&#8243;][\/et_pb_toggle][et_pb_toggle title=&#8221;W jakich sytuacjach mog\u0119 dokonywa\u0107 zg\u0142osze\u0144 za po\u015brednictwem zewn\u0119trznych kana\u0142\u00f3w raportowania?&#8221; admin_label=&#8221;Q09&#8243; _builder_version=&#8221;4.21.0&#8243; _module_preset=&#8221;default&#8221; title_font=&#8221;|700|||||||&#8221; title_font_size=&#8221;18px&#8221; border_radii=&#8221;on|5px|5px|5px|5px&#8221; global_colors_info=&#8221;{}&#8221; theme_builder_area=&#8221;et_body_layout&#8221; toggle_icon=&#8221;&#x27;||divi||400&#8243; open_toggle_icon=&#8221;&#x4a;||divi||400&#8243;][\/et_pb_toggle][et_pb_toggle title=&#8221;W jakich sytuacjach mog\u0119 publicznie ujawni\u0107 wykroczenie?&#8221; admin_label=&#8221;Q10&#8243; _builder_version=&#8221;4.21.0&#8243; _module_preset=&#8221;default&#8221; title_font=&#8221;|700|||||||&#8221; title_font_size=&#8221;18px&#8221; border_radii=&#8221;on|5px|5px|5px|5px&#8221; global_colors_info=&#8221;{}&#8221; theme_builder_area=&#8221;et_body_layout&#8221; toggle_icon=&#8221;&#x27;||divi||400&#8243; open_toggle_icon=&#8221;&#x4a;||divi||400&#8243;][\/et_pb_toggle][et_pb_toggle title=&#8221;Co mo\u017ce si\u0119 sta\u0107, je\u015bli raportujesz zewn\u0119trznie lub ujawniasz publicznie bez przestrzegania zasady pierwsze\u0144stwa?&#8221; admin_label=&#8221;Q11&#8243; _builder_version=&#8221;4.21.0&#8243; _module_preset=&#8221;default&#8221; title_font=&#8221;|700|||||||&#8221; title_font_size=&#8221;18px&#8221; border_radii=&#8221;on|5px|5px|5px|5px&#8221; global_colors_info=&#8221;{}&#8221; theme_builder_area=&#8221;et_body_layout&#8221; toggle_icon=&#8221;&#x27;||divi||400&#8243; open_toggle_icon=&#8221;&#x4a;||divi||400&#8243;][\/et_pb_toggle][et_pb_toggle title=&#8221;Czy istnieje obowi\u0105zek zg\u0142aszania narusze\u0144?&#8221; admin_label=&#8221;Q12&#8243; _builder_version=&#8221;4.21.0&#8243; _module_preset=&#8221;default&#8221; title_font=&#8221;|700|||||||&#8221; title_font_size=&#8221;18px&#8221; border_radii=&#8221;on|5px|5px|5px|5px&#8221; global_colors_info=&#8221;{}&#8221; theme_builder_area=&#8221;et_body_layout&#8221; toggle_icon=&#8221;&#x27;||divi||400&#8243; open_toggle_icon=&#8221;&#x4a;||divi||400&#8243;][\/et_pb_toggle][et_pb_toggle title=&#8221;Jakie podmioty s\u0105 zobowi\u0105zane do wdro\u017cenia Wewn\u0119trznych Kana\u0142\u00f3w Raportowania?&#8221; admin_label=&#8221;Q13&#8243; _builder_version=&#8221;4.21.0&#8243; _module_preset=&#8221;default&#8221; title_font=&#8221;|700|||||||&#8221; title_font_size=&#8221;18px&#8221; border_radii=&#8221;on|5px|5px|5px|5px&#8221; global_colors_info=&#8221;{}&#8221; theme_builder_area=&#8221;et_body_layout&#8221; toggle_icon=&#8221;&#x27;||divi||400&#8243; open_toggle_icon=&#8221;&#x4a;||divi||400&#8243;][\/et_pb_toggle][et_pb_toggle title=&#8221;Jak mog\u0119 z\u0142o\u017cy\u0107 zg\u0142oszenie o naruszeniu?&#8221; admin_label=&#8221;Q14&#8243; _builder_version=&#8221;4.21.0&#8243; _module_preset=&#8221;default&#8221; title_font=&#8221;|700|||||||&#8221; title_font_size=&#8221;18px&#8221; border_radii=&#8221;on|5px|5px|5px|5px&#8221; global_colors_info=&#8221;{}&#8221; theme_builder_area=&#8221;et_body_layout&#8221; toggle_icon=&#8221;&#x27;||divi||400&#8243; open_toggle_icon=&#8221;&#x4a;||divi||400&#8243;][\/et_pb_toggle][et_pb_toggle title=&#8221;Jakie s\u0105 wewn\u0119trzne kana\u0142y zg\u0142aszania nieprawid\u0142owo\u015bci?&#8221; admin_label=&#8221;Q15&#8243; _builder_version=&#8221;4.21.0&#8243; _module_preset=&#8221;default&#8221; title_font=&#8221;|700|||||||&#8221; title_font_size=&#8221;18px&#8221; border_radii=&#8221;on|5px|5px|5px|5px&#8221; global_colors_info=&#8221;{}&#8221; theme_builder_area=&#8221;et_body_layout&#8221; toggle_icon=&#8221;&#x27;||divi||400&#8243; open_toggle_icon=&#8221;&#x4a;||divi||400&#8243;][\/et_pb_toggle][et_pb_toggle title=&#8221;Kim s\u0105 ludzie, kt\u00f3rzy tworz\u0105 zesp\u00f3\u0142 Whistleblower?&#8221; admin_label=&#8221;Q16&#8243; _builder_version=&#8221;4.21.0&#8243; _module_preset=&#8221;default&#8221; title_font=&#8221;|700|||||||&#8221; title_font_size=&#8221;18px&#8221; border_radii=&#8221;on|5px|5px|5px|5px&#8221; global_colors_info=&#8221;{}&#8221; theme_builder_area=&#8221;et_body_layout&#8221; toggle_icon=&#8221;&#x27;||divi||400&#8243; open_toggle_icon=&#8221;&#x4a;||divi||400&#8243;][\/et_pb_toggle][et_pb_toggle title=&#8221;Jak mog\u0119 z\u0142o\u017cy\u0107 zg\u0142oszenie o naruszeniu?&#8221; admin_label=&#8221;Q17&#8243; _builder_version=&#8221;4.21.0&#8243; _module_preset=&#8221;default&#8221; title_font=&#8221;|700|||||||&#8221; title_font_size=&#8221;18px&#8221; border_radii=&#8221;on|5px|5px|5px|5px&#8221; global_colors_info=&#8221;{}&#8221; theme_builder_area=&#8221;et_body_layout&#8221; toggle_icon=&#8221;&#x27;||divi||400&#8243; open_toggle_icon=&#8221;&#x4a;||divi||400&#8243;][\/et_pb_toggle][et_pb_toggle title=&#8221;Jakie s\u0105 wewn\u0119trzne kana\u0142y zg\u0142aszania nieprawid\u0142owo\u015bci?&#8221; admin_label=&#8221;Q18&#8243; _builder_version=&#8221;4.21.0&#8243; _module_preset=&#8221;default&#8221; title_font=&#8221;|700|||||||&#8221; title_font_size=&#8221;18px&#8221; border_radii=&#8221;on|5px|5px|5px|5px&#8221; global_colors_info=&#8221;{}&#8221; theme_builder_area=&#8221;et_body_layout&#8221; toggle_icon=&#8221;&#x27;||divi||400&#8243; open_toggle_icon=&#8221;&#x4a;||divi||400&#8243;][\/et_pb_toggle][et_pb_toggle title=&#8221;Czy mog\u0119 z\u0142o\u017cy\u0107 ustne zg\u0142oszenie nieprawid\u0142owo\u015bci?&#8221; admin_label=&#8221;Q19&#8243; _builder_version=&#8221;4.21.0&#8243; _module_preset=&#8221;default&#8221; title_font=&#8221;|700|||||||&#8221; title_font_size=&#8221;18px&#8221; border_radii=&#8221;on|5px|5px|5px|5px&#8221; global_colors_info=&#8221;{}&#8221; theme_builder_area=&#8221;et_body_layout&#8221; toggle_icon=&#8221;&#x27;||divi||400&#8243; open_toggle_icon=&#8221;&#x4a;||divi||400&#8243;][\/et_pb_toggle][et_pb_toggle title=&#8221;Czy mog\u0119 z\u0142o\u017cy\u0107 zg\u0142oszenie osobi\u015bcie?&#8221; admin_label=&#8221;Q20&#8243; _builder_version=&#8221;4.21.0&#8243; _module_preset=&#8221;default&#8221; title_font=&#8221;|700|||||||&#8221; title_font_size=&#8221;18px&#8221; border_radii=&#8221;on|5px|5px|5px|5px&#8221; global_colors_info=&#8221;{}&#8221; theme_builder_area=&#8221;et_body_layout&#8221; toggle_icon=&#8221;&#x27;||divi||400&#8243; open_toggle_icon=&#8221;&#x4a;||divi||400&#8243;][\/et_pb_toggle][et_pb_toggle title=&#8221;Jak nale\u017cy skonstruowa\u0107 skarg\u0119 dotycz\u0105c\u0105 whistleblowingu?&#8221; admin_label=&#8221;Q21&#8243; _builder_version=&#8221;4.21.0&#8243; _module_preset=&#8221;default&#8221; title_font=&#8221;|700|||||||&#8221; title_font_size=&#8221;18px&#8221; border_radii=&#8221;on|5px|5px|5px|5px&#8221; global_colors_info=&#8221;{}&#8221; theme_builder_area=&#8221;et_body_layout&#8221; toggle_icon=&#8221;&#x27;||divi||400&#8243; open_toggle_icon=&#8221;&#x4a;||divi||400&#8243;][\/et_pb_toggle][et_pb_toggle title=&#8221;Czy istnieje wz\u00f3r formularza, z kt\u00f3rego mog\u0119 skorzysta\u0107 w celu z\u0142o\u017cenia skargi?&#8221; admin_label=&#8221;Q22&#8243; _builder_version=&#8221;4.21.0&#8243; _module_preset=&#8221;default&#8221; title_font=&#8221;|700|||||||&#8221; title_font_size=&#8221;18px&#8221; border_radii=&#8221;on|5px|5px|5px|5px&#8221; global_colors_info=&#8221;{}&#8221; theme_builder_area=&#8221;et_body_layout&#8221; toggle_icon=&#8221;&#x27;||divi||400&#8243; open_toggle_icon=&#8221;&#x4a;||divi||400&#8243;][\/et_pb_toggle][et_pb_toggle title=&#8221;Czy otrzymam odpowied\u017a na moj\u0105 skarg\u0119 dotycz\u0105c\u0105 whistleblowingu?&#8221; admin_label=&#8221;Q23&#8243; _builder_version=&#8221;4.21.0&#8243; _module_preset=&#8221;default&#8221; title_font=&#8221;|700|||||||&#8221; title_font_size=&#8221;18px&#8221; border_radii=&#8221;on|5px|5px|5px|5px&#8221; global_colors_info=&#8221;{}&#8221; theme_builder_area=&#8221;et_body_layout&#8221; toggle_icon=&#8221;&#x27;||divi||400&#8243; open_toggle_icon=&#8221;&#x4a;||divi||400&#8243;][\/et_pb_toggle][et_pb_toggle title=&#8221;Czy gwarantowana jest poufno\u015b\u0107 zg\u0142osze\u0144 i to\u017csamo\u015b\u0107 sygnalisty?&#8221; admin_label=&#8221;Q24&#8243; _builder_version=&#8221;4.21.0&#8243; _module_preset=&#8221;default&#8221; title_font=&#8221;|700|||||||&#8221; title_font_size=&#8221;18px&#8221; border_radii=&#8221;on|5px|5px|5px|5px&#8221; global_colors_info=&#8221;{}&#8221; theme_builder_area=&#8221;et_body_layout&#8221; toggle_icon=&#8221;&#x27;||divi||400&#8243; open_toggle_icon=&#8221;&#x4a;||divi||400&#8243;][\/et_pb_toggle][et_pb_toggle title=&#8221;Jak przetwarzane s\u0105 dane osobowe?&#8221; admin_label=&#8221;Q25&#8243; _builder_version=&#8221;4.21.0&#8243; _module_preset=&#8221;default&#8221; title_font=&#8221;|700|||||||&#8221; title_font_size=&#8221;18px&#8221; border_radii=&#8221;on|5px|5px|5px|5px&#8221; global_colors_info=&#8221;{}&#8221; theme_builder_area=&#8221;et_body_layout&#8221; toggle_icon=&#8221;&#x27;||divi||400&#8243; open_toggle_icon=&#8221;&#x4a;||divi||400&#8243;][\/et_pb_toggle][et_pb_toggle title=&#8221;W jaki spos\u00f3b odbywa si\u0119 przechowywanie zg\u0142osze\u0144 o nieprawid\u0142owo\u015bciach i jakie s\u0105 okresy przechowywania?&#8221; admin_label=&#8221;Q26&#8243; _builder_version=&#8221;4.21.0&#8243; _module_preset=&#8221;default&#8221; title_font=&#8221;|700|||||||&#8221; title_font_size=&#8221;18px&#8221; border_radii=&#8221;on|5px|5px|5px|5px&#8221; global_colors_info=&#8221;{}&#8221; theme_builder_area=&#8221;et_body_layout&#8221; toggle_icon=&#8221;&#x27;||divi||400&#8243; open_toggle_icon=&#8221;&#x4a;||divi||400&#8243;][\/et_pb_toggle][et_pb_toggle title=&#8221;Jakie s\u0105 \u015brodki ochrony sygnalist\u00f3w?&#8221; admin_label=&#8221;Q27&#8243; _builder_version=&#8221;4.21.0&#8243; _module_preset=&#8221;default&#8221; title_font=&#8221;|700|||||||&#8221; title_font_size=&#8221;18px&#8221; border_radii=&#8221;on|5px|5px|5px|5px&#8221; global_colors_info=&#8221;{}&#8221; theme_builder_area=&#8221;et_body_layout&#8221; toggle_icon=&#8221;&#x27;||divi||400&#8243; open_toggle_icon=&#8221;&#x4a;||divi||400&#8243;][\/et_pb_toggle][et_pb_toggle title=&#8221;Jakie s\u0105 kontakty zespo\u0142u ds. obs\u0142ugi zg\u0142osze\u0144?&#8221; admin_label=&#8221;Q28&#8243; _builder_version=&#8221;4.21.0&#8243; _module_preset=&#8221;default&#8221; title_font=&#8221;|700|||||||&#8221; title_font_size=&#8221;18px&#8221; border_radii=&#8221;on|5px|5px|5px|5px&#8221; global_colors_info=&#8221;{}&#8221; theme_builder_area=&#8221;et_body_layout&#8221; toggle_icon=&#8221;&#x27;||divi||400&#8243; open_toggle_icon=&#8221;&#x4a;||divi||400&#8243;][\/et_pb_toggle][et_pb_toggle title=&#8221;Gdzie mog\u0119 znale\u017a\u0107 wi\u0119cej informacji na temat ochrony sygnalist\u00f3w?&#8221; admin_label=&#8221;Q29&#8243; _builder_version=&#8221;4.21.0&#8243; _module_preset=&#8221;default&#8221; title_font=&#8221;|700|||||||&#8221; title_font_size=&#8221;18px&#8221; border_radii=&#8221;on|5px|5px|5px|5px&#8221; global_colors_info=&#8221;{}&#8221; theme_builder_area=&#8221;et_body_layout&#8221; toggle_icon=&#8221;&#x27;||divi||400&#8243; open_toggle_icon=&#8221;&#x4a;||divi||400&#8243;][\/et_pb_toggle][et_pb_toggle title=&#8221;Gdzie mog\u0119 znale\u017a\u0107 obowi\u0105zuj\u0105ce normy prawne w tym zakresie?&#8221; admin_label=&#8221;Q30&#8243; _builder_version=&#8221;4.21.0&#8243; _module_preset=&#8221;default&#8221; title_font=&#8221;|700|||||||&#8221; title_font_size=&#8221;18px&#8221; border_radii=&#8221;on|5px|5px|5px|5px&#8221; global_colors_info=&#8221;{}&#8221; theme_builder_area=&#8221;et_body_layout&#8221; toggle_icon=&#8221;&#x27;||divi||400&#8243; open_toggle_icon=&#8221;&#x4a;||divi||400&#8243;][\/et_pb_toggle][et_pb_toggle title=&#8221;Gdzie mog\u0119 znale\u017a\u0107 wewn\u0119trzne normy mojej organizacji?&#8221; admin_label=&#8221;Q31&#8243; _builder_version=&#8221;4.21.0&#8243; _module_preset=&#8221;default&#8221; title_font=&#8221;|700|||||||&#8221; title_font_size=&#8221;18px&#8221; border_radii=&#8221;on|5px|5px|5px|5px&#8221; global_colors_info=&#8221;{}&#8221; theme_builder_area=&#8221;et_body_layout&#8221; toggle_icon=&#8221;&#x27;||divi||400&#8243; open_toggle_icon=&#8221;&#x4a;||divi||400&#8243;][\/et_pb_toggle][et_pb_toggle title=&#8221;Z kim mog\u0119 si\u0119 skontaktowa\u0107, je\u015bli mam pytania lub potrzebuj\u0119 pomocy i porady przed zg\u0142oszeniem wykroczenia?&#8221; admin_label=&#8221;Q32&#8243; _builder_version=&#8221;4.21.0&#8243; _module_preset=&#8221;default&#8221; title_font=&#8221;|700|||||||&#8221; title_font_size=&#8221;18px&#8221; border_radii=&#8221;on|5px|5px|5px|5px&#8221; global_colors_info=&#8221;{}&#8221; theme_builder_area=&#8221;et_body_layout&#8221; toggle_icon=&#8221;&#x27;||divi||400&#8243; open_toggle_icon=&#8221;&#x4a;||divi||400&#8243;][\/et_pb_toggle][et_pb_toggle title=&#8221;Jaki jest link umo\u017cliwiaj\u0105cy dost\u0119p do platformy Whistleblower Channel?&#8221; admin_label=&#8221;Q33&#8243; _builder_version=&#8221;4.21.0&#8243; _module_preset=&#8221;default&#8221; title_font=&#8221;|700|||||||&#8221; title_font_size=&#8221;18px&#8221; border_radii=&#8221;on|5px|5px|5px|5px&#8221; global_colors_info=&#8221;{}&#8221; theme_builder_area=&#8221;et_body_layout&#8221; toggle_icon=&#8221;&#x27;||divi||400&#8243; open_toggle_icon=&#8221;&#x4a;||divi||400&#8243;][\/et_pb_toggle][et_pb_toggle title=&#8221;Jakie jest \u0142\u0105cze dost\u0119pu do platformy repozytorium zgodno\u015bci?&#8221; admin_label=&#8221;Q34&#8243; _builder_version=&#8221;4.21.0&#8243; _module_preset=&#8221;default&#8221; title_font=&#8221;|700|||||||&#8221; title_font_size=&#8221;18px&#8221; border_radii=&#8221;on|5px|5px|5px|5px&#8221; global_colors_info=&#8221;{}&#8221; theme_builder_area=&#8221;et_body_layout&#8221; toggle_icon=&#8221;&#x27;||divi||400&#8243; open_toggle_icon=&#8221;&#x4a;||divi||400&#8243;][\/et_pb_toggle][et_pb_toggle title=&#8221;Gdzie mog\u0119 znale\u017a\u0107 szczeg\u00f3\u0142owe informacje na temat ochrony danych os\u00f3b zg\u0142aszaj\u0105cych nieprawid\u0142owo\u015bci?&#8221; admin_label=&#8221;Q35&#8243; _builder_version=&#8221;4.21.0&#8243; _module_preset=&#8221;default&#8221; title_font=&#8221;|700|||||||&#8221; title_font_size=&#8221;18px&#8221; border_radii=&#8221;on|5px|5px|5px|5px&#8221; global_colors_info=&#8221;{}&#8221; theme_builder_area=&#8221;et_body_layout&#8221; toggle_icon=&#8221;&#x27;||divi||400&#8243; open_toggle_icon=&#8221;&#x4a;||divi||400&#8243; hover_enabled=&#8221;0&#8243; sticky_enabled=&#8221;0&#8243;][\/et_pb_toggle][\/et_pb_column][\/et_pb_row][\/et_pb_section]<\/p>\n","protected":false},"excerpt":{"rendered":"","protected":false},"author":2,"featured_media":0,"parent":24590,"menu_order":3,"comment_status":"closed","ping_status":"closed","template":"","meta":{"_et_pb_use_builder":"on","_et_pb_old_content":"","_et_gb_content_width":"","inline_featured_image":false,"footnotes":""},"categories":[22,21],"tags":[],"class_list":["post-24605","page","type-page","status-publish","hentry","category-general_page-pl","category-whistleblowing-channel-pl"],"_links":{"self":[{"href":"https:\/\/www.whistleblowingofficer.com\/simoldespolska\/pl\/wp-json\/wp\/v2\/pages\/24605","targetHints":{"allow":["GET"]}}],"collection":[{"href":"https:\/\/www.whistleblowingofficer.com\/simoldespolska\/pl\/wp-json\/wp\/v2\/pages"}],"about":[{"href":"https:\/\/www.whistleblowingofficer.com\/simoldespolska\/pl\/wp-json\/wp\/v2\/types\/page"}],"author":[{"embeddable":true,"href":"https:\/\/www.whistleblowingofficer.com\/simoldespolska\/pl\/wp-json\/wp\/v2\/users\/2"}],"replies":[{"embeddable":true,"href":"https:\/\/www.whistleblowingofficer.com\/simoldespolska\/pl\/wp-json\/wp\/v2\/comments?post=24605"}],"version-history":[{"count":2,"href":"https:\/\/www.whistleblowingofficer.com\/simoldespolska\/pl\/wp-json\/wp\/v2\/pages\/24605\/revisions"}],"predecessor-version":[{"id":24607,"href":"https:\/\/www.whistleblowingofficer.com\/simoldespolska\/pl\/wp-json\/wp\/v2\/pages\/24605\/revisions\/24607"}],"up":[{"embeddable":true,"href":"https:\/\/www.whistleblowingofficer.com\/simoldespolska\/pl\/wp-json\/wp\/v2\/pages\/24590"}],"wp:attachment":[{"href":"https:\/\/www.whistleblowingofficer.com\/simoldespolska\/pl\/wp-json\/wp\/v2\/media?parent=24605"}],"wp:term":[{"taxonomy":"category","embeddable":true,"href":"https:\/\/www.whistleblowingofficer.com\/simoldespolska\/pl\/wp-json\/wp\/v2\/categories?post=24605"},{"taxonomy":"post_tag","embeddable":true,"href":"https:\/\/www.whistleblowingofficer.com\/simoldespolska\/pl\/wp-json\/wp\/v2\/tags?post=24605"}],"curies":[{"name":"wp","href":"https:\/\/api.w.org\/{rel}","templated":true}]}}