{"id":24600,"date":"2023-07-28T05:59:16","date_gmt":"2023-07-28T05:59:16","guid":{"rendered":"https:\/\/www.whistleblowingofficer.com\/simoldespolska\/?page_id=24600"},"modified":"2024-09-25T11:57:12","modified_gmt":"2024-09-25T11:57:12","slug":"polityka-ochrony-sygnalistow","status":"publish","type":"page","link":"https:\/\/www.whistleblowingofficer.com\/simoldespolska\/pl\/simoldes-plasticos-polska-wroclaw\/sygnalisci\/polityka-ochrony-sygnalistow\/","title":{"rendered":"Polityka Ochrony Sygnalist\u00f3w"},"content":{"rendered":"\n<h1 class=\"wp-block-heading\">Polityka Ochrony Sygnalist\u00f3w<\/h1>\n\n\n\n<p><span style=\"font-weight: 400;\">SIMOLDES ma na celu przestrzeganie re\u017cimu prawnego ochrony sygnalist\u00f3w, przetwarzania ich danych osobowych i, co do zasady, wszystkich os\u00f3b, kt\u00f3re korzystaj\u0105 z Kana\u0142\u00f3w Zg\u0142aszania Nieprawid\u0142owo\u015bci lub kt\u00f3re w jakikolwiek spos\u00f3b s\u0105 zaanga\u017cowane w system ochrony sygnalist\u00f3w, zgodnie z obowi\u0105zuj\u0105cymi standardami w zakresie ochrony danych lub bezpiecze\u0144stwa informacji, a mianowicie Og\u00f3lnym Rozporz\u0105dzeniem o Ochronie Danych Osobowych i Aktem Wykonawczym do Og\u00f3lnego Rozporz\u0105dzenia o Ochronie Danych Osobowych, przy czym przetwarzanie danych odbywa si\u0119 w nast\u0119puj\u0105cych parametrach:<\/span><\/p>\n\n\n\n<p><span style=\"font-weight: 400;\">1.Osoba odpowiedzialna za przetwarzanie danych: <\/span>Simoldes Plasticos Polska Wroc\u0142aw, zwana dalej Simoldes Polska, posiadaj\u0105ca numer identyfikacji podatkowej 5213244622, z siedzib\u0105 przy Ul. Zachodnia 7, 55-220 Jelcz-Laskowice, Polska.<\/p>\n\n\n\n<p><span style=\"font-weight: 400;\">Telefon: +48 532 685 455<\/span><\/p>\n\n\n\n<p><span style=\"font-weight: 400;\">E-mail: <a class=\"moz-txt-link-abbreviated\" href=\"mailto:compliance@simoldes.com\">compliance@simoldes.com<\/a>;<\/span><\/p>\n\n\n\n<p><span style=\"font-weight: 400;\">Strona internetowa: www.simoldes.com.<\/span><\/p>\n\n\n\n<ol class=\"wp-block-list\" start=\"2\">\n<li><span style=\"font-weight: 400;\"> Dane kontaktowe inspektora ochrony danych: Podmiot odpowiedzialny posiada specjalne adresy e-mail do cel\u00f3w ochrony danych osobowych i obs\u0142ugi zg\u0142osze\u0144 nieprawid\u0142owo\u015bci, przy czym inspektor ochrony danych osobowych jest dost\u0119pny pod adresem dataprotection@simoldes.com, a zesp\u00f3\u0142 ds. zg\u0142osze\u0144 nieprawid\u0142owo\u015bci jest dost\u0119pny pod adresem <\/span><a href=\"mailto:compliance@simoldes.com\"><span style=\"font-weight: 400;\">compliance@simoldes.com<\/span><\/a><span style=\"font-weight: 400;\">.<\/span><\/li>\n<\/ol>\n\n\n\n<ol class=\"wp-block-list\" start=\"3\">\n<li><span style=\"font-weight: 400;\"> Osoby, kt\u00f3rych dotyczy przetwarzanie danych: sygnali\u015bci i og\u00f3lnie wszystkie osoby korzystaj\u0105ce z Kana\u0142\u00f3w Zg\u0142aszania Nieprawid\u0142owo\u015bci lub w inny spos\u00f3b zaanga\u017cowane w system ochrony sygnalist\u00f3w, w tym osoby, kt\u00f3rych dotyczy przetwarzanie danych.`<\/span><\/li>\n<\/ol>\n\n\n\n<ol class=\"wp-block-list\" start=\"4\">\n<li><span style=\"font-weight: 400;\"> Przetwarzane dane osobowe: w przypadku, gdy osoba fizyczna zdecyduje si\u0119 na identyfikacj\u0119, przetwarzane dane osobowe to og\u00f3lne dane identyfikacyjne sygnalisty (imi\u0119 i nazwisko) oraz dane kontaktowe (miejsce zamieszkania, telefon i adres e-mail), a inne dane mog\u0105 by\u0107 przetwarzane w zale\u017cno\u015bci od konkretnych procedur dotycz\u0105cych dzia\u0142a\u0144 nast\u0119pczych w zwi\u0105zku ze skargami, takich jak g\u0142os w przypadku nagrywania wiadomo\u015bci lub komunikacji telefonicznej, je\u017celi takie przetwarzanie jest uwa\u017cane za konieczne, proporcjonalne i odpowiednie do takich dzia\u0142a\u0144 nast\u0119pczych.<\/span><\/li>\n<\/ol>\n\n\n\n<ol class=\"wp-block-list\" start=\"5\">\n<li><span style=\"font-weight: 400;\"> Kontekst i cel przetwarzania danych: dane osobowe os\u00f3b, kt\u00f3rych one dotycz\u0105, b\u0119d\u0105 przetwarzane wy\u0142\u0105cznie w celu przyjmowania i rozpatrywania z\u0142o\u017conych skarg oraz podejmowania wszelkich \u015brodk\u00f3w technicznych lub organizacyjnych niezb\u0119dnych do ochrony sygnalisty lub os\u00f3b, kt\u00f3rych one dotycz\u0105.<\/span><\/li>\n<\/ol>\n\n\n\n<ol class=\"wp-block-list\" start=\"6\">\n<li><span style=\"font-weight: 400;\"> Podstawa prawna: w zale\u017cno\u015bci od konkretnej sytuacji przetwarzanie danych opiera si\u0119 na wyra\u017anej zgodzie osoby, kt\u00f3rej te dane dotycz\u0105, na przestrzeganiu obowi\u0105zk\u00f3w prawnych lub na realizacji uzasadnionych prawnie cel\u00f3w, przy czym podstawa ta jest okre\u015blona w ka\u017cdym z wykonywanych dzia\u0142a\u0144.<\/span><\/li>\n<\/ol>\n\n\n\n<ol class=\"wp-block-list\" start=\"7\">\n<li><span style=\"font-weight: 400;\"> Konsekwencje nieprzekazania danych osobowych: opr\u00f3cz mo\u017cliwo\u015bci sk\u0142adania anonimowych skarg, w przypadku gdy podstaw\u0105 legalno\u015bci przetwarzania danych jest zgoda, osoba, kt\u00f3rej dane dotycz\u0105, nie jest zobowi\u0105zana do zezwolenia na przetwarzanie danych osobowych, przy czym nie wyra\u017caj\u0105c zgody lub p\u00f3\u017aniej wycofuj\u0105c uprzednio udzielon\u0105 zgod\u0119, nie b\u0119d\u0105 one przetwarzane, oraz, w tym ostatnim przypadku, po z\u0142o\u017ceniu wniosku, przedmiotowe dane osobowe zostan\u0105 usuni\u0119te lub ich wykorzystanie zostanie przerwane do cel\u00f3w pomocniczych, w zale\u017cno\u015bci od wyra\u017anej woli osoby, kt\u00f3rej dane dotycz\u0105, bez wp\u0142ywu jednak na zgodno\u015b\u0107 z prawem operacji przeprowadzonych w mi\u0119dzyczasie do dnia wycofania zgody.<\/span><\/li>\n<\/ol>\n\n\n\n<ol class=\"wp-block-list\" start=\"8\">\n<li><span style=\"font-weight: 400;\"> Odbiorcy: administrator przetwarza dane samodzielnie (za po\u015brednictwem specjalist\u00f3w podlegaj\u0105cych obowi\u0105zkowi zachowania tajemnicy zawodowej) lub w jego imieniu, za po\u015brednictwem podwykonawc\u00f3w akredytowanych do \u015bwiadczenia wybranych przez niego us\u0142ug i zwi\u0105zanych \u015bcis\u0142ymi \u015brodkami technicznymi i organizacyjnymi dostosowanymi do ochrony danych osobowych.<\/span><\/li>\n<\/ol>\n\n\n\n<ol class=\"wp-block-list\" start=\"9\">\n<li><span style=\"font-weight: 400;\"> \u015arodki bezpiecze\u0144stwa: stosowane s\u0105 techniczne i organizacyjne \u015brodki bezpiecze\u0144stwa, kt\u00f3re s\u0105 uwa\u017cane za odpowiednie do zapewnienia poziomu bezpiecze\u0144stwa przetwarzania danych odpowiedniego do ryzyka.<\/span><\/li>\n<\/ol>\n\n\n\n<ol class=\"wp-block-list\" start=\"10\">\n<li><span style=\"font-weight: 400;\"> Miejsce przechowywania danych osobowych: dane s\u0105 przechowywane przez technik\u00f3w wyznaczonych przez administratora, przy u\u017cyciu formularzy papierowych lub cyfrowych, przy czym gwarantowana jest prywatno\u015b\u0107 lub poufno\u015b\u0107 gromadzenia danych, ich integralno\u015b\u0107, jako\u015b\u0107 i dok\u0142adno\u015b\u0107.<\/span><\/li>\n<\/ol>\n\n\n\n<ol class=\"wp-block-list\" start=\"11\">\n<li><span style=\"font-weight: 400;\"> Okres przechowywania: bez wzgl\u0119du na wyj\u0105tkowe sytuacje przed\u0142u\u017cenia okresu przechowywania przewidzianego przez prawo lub uznanego za niezb\u0119dny do obrony praw lub uzasadnionych interes\u00f3w, a tak\u017ce sytuacje wycofania zgody, usuni\u0119cia, sprzeciwu lub ograniczenia przetwarzania, kt\u00f3re wywo\u0142uj\u0105 natychmiastowe skutki, nie wp\u0142ywaj\u0105c jednak na zgodno\u015b\u0107 z prawem operacji przeprowadzanych w mi\u0119dzyczasie, przetwarzane dane osobowe s\u0105 domy\u015blnie przechowywane przez okres pi\u0119ciu lat, po kt\u00f3rym zostaj\u0105 usuni\u0119te. Dane osobowe mog\u0105 zosta\u0107 usuni\u0119te przed tym okresem przechowywania, je\u015bli nie zostan\u0105 uznane za niezb\u0119dne do podj\u0119cia dzia\u0142a\u0144 nast\u0119pczych w zwi\u0105zku ze zg\u0142oszeniem nieprawid\u0142owo\u015bci.<\/span><\/li>\n<\/ol>\n\n\n\n<ol class=\"wp-block-list\" start=\"12\">\n<li><span style=\"font-weight: 400;\"> Przekazywanie i poufno\u015b\u0107 danych: z wyj\u0105tkiem sytuacji, w kt\u00f3rych przekazywanie danych jest wymagane przez prawo, nie s\u0105 przeprowadzane \u017cadne operacje przekazywania danych. Dane osobowe nie s\u0105 przekazywane stronom trzecim, a to\u017csamo\u015b\u0107 sygnalisty, jak r\u00f3wnie\u017c informacje, kt\u00f3re bezpo\u015brednio lub po\u015brednio umo\u017cliwiaj\u0105 ustalenie to\u017csamo\u015bci sygnalisty, s\u0105 kwalifikowane jako poufne, a dost\u0119p do nich jest ograniczony do os\u00f3b odpowiedzialnych za przyjmowanie lub monitorowanie zg\u0142osze\u0144.<\/span><\/li>\n<\/ol>\n\n\n\n<ol class=\"wp-block-list\" start=\"13\">\n<li><span style=\"font-weight: 400;\"> Wzajemne powi\u0105zanie danych i zautomatyzowane decyzje: dane osobowe nie s\u0105 wzajemnie powi\u0105zane.<\/span><\/li>\n<\/ol>\n\n\n\n<ol class=\"wp-block-list\" start=\"14\">\n<li><span style=\"font-weight: 400;\"> Mi\u0119dzynarodowe przekazywanie danych osobowych: Dane osobowe sygnalist\u00f3w nie s\u0105 przekazywane do pa\u0144stw trzecich lub organizacji mi\u0119dzynarodowych spoza Unii Europejskiej.<\/span><\/li>\n<\/ol>\n\n\n\n<ol class=\"wp-block-list\" start=\"15\">\n<li><span style=\"font-weight: 400;\"> Przetwarzanie danych osobowych i no\u015bniki: dane osobowe s\u0105 gromadzone przez technika administratora. Podlegaj\u0105 wielokrotnemu niezautomatyzowanemu i zautomatyzowanemu przetwarzaniu i s\u0105 umieszczane na r\u00f3\u017cnego rodzaju no\u015bnikach analogowych lub cyfrowych, kt\u00f3re s\u0105 uwa\u017cane za niezb\u0119dne do osi\u0105gni\u0119cia cel\u00f3w dzia\u0142a\u0144, i zawsze s\u0105 traktowane jako poufne.<\/span><\/li>\n<\/ol>\n\n\n\n<ol class=\"wp-block-list\" start=\"16\">\n<li><span style=\"font-weight: 400;\"> Prawa osoby, kt\u00f3rej dane osobowe dotycz\u0105: opr\u00f3cz mo\u017cliwo\u015bci anonimowego zg\u0142oszenia lub wycofania zgody, osoba, kt\u00f3rej dane dotycz\u0105, ma prawo za\u017c\u0105da\u0107 od administratora dost\u0119pu do swoich danych osobowych, ich sprostowania lub usuni\u0119cia, a tak\u017ce ograniczenia lub sprzeciwu wobec przetwarzania i przenoszenia danych, na warunkach przewidzianych przez obowi\u0105zuj\u0105ce przepisy prawa.<\/span><\/li>\n<\/ol>\n\n\n\n<ol class=\"wp-block-list\" start=\"17\">\n<li>Prawo do wniesienia skargi do organu nadzorczego: osoba, kt\u00f3rej dane dotycz\u0105, mo\u017ce zawsze skorzysta\u0107, je\u015bli uzna to za konieczne, z prawa do wniesienia skargi do Urz\u0119du Ochrony Danych Osobowych uodo.gov.pl.<\/li>\n<\/ol>\n\n\n\n<ol class=\"wp-block-list\" start=\"18\">\n<li><span style=\"font-weight: 400;\"> Kontakt w sprawie dochodzenia swoich praw: w celu uzyskania informacji na temat danych osobowych, z\u0142o\u017cenia skargi lub skorzystania z przys\u0142uguj\u0105cych praw, prosimy o kontakt pod adresem dataprotection@simoldes.com.<\/span><\/li>\n<\/ol>\n\n\n\n<ol class=\"wp-block-list\" start=\"19\">\n<li><span style=\"font-weight: 400;\"> Polityka ochrony danych osobowych: operacje przetwarzania danych osobowych s\u0105 przeprowadzane zgodnie z Og\u00f3ln\u0105 Polityk\u0105 Ochrony Danych, kt\u00f3ra jest dost\u0119pna pod adresem www.simoldes.com.<\/span><\/li>\n<\/ol>\n\n\n\n<p><span style=\"font-weight: 400;\">20. Formularze gromadzenia danych osobowych i specjalne ulotki informacyjne: Formularze do sk\u0142adania skarg i specjalne ulotki informacyjne, kt\u00f3re mog\u0105 istnie\u0107 w odniesieniu do dzia\u0142a\u0144, kt\u00f3re maj\u0105 by\u0107 wykonywane przez SIMOLDES w ramach systemu ochrony sygnalist\u00f3w, s\u0105 dost\u0119pne do wgl\u0105du na platformie Whistleblowing Channels dost\u0119pnej za po\u015brednictwem linku https:\/\/simoldes.protecaodedenunciantes.com lub poprzez kontakt z zespo\u0142em do spraw zg\u0142aszania nieprawid\u0142owo\u015bci, za po\u015brednictwem poczty elektronicznej <\/span><a href=\"mailto:compliance@simoldes.com\"><span style=\"font-weight: 400;\">compliance@simoldes.com<\/span><\/a><span style=\"font-weight: 400;\">.<\/span><\/p>\n","protected":false},"excerpt":{"rendered":"<p>Polityka Ochrony Sygnalist\u00f3w SIMOLDES ma na celu przestrzeganie re\u017cimu prawnego ochrony sygnalist\u00f3w, przetwarzania ich danych osobowych i, co do zasady, wszystkich os\u00f3b, kt\u00f3re korzystaj\u0105 z Kana\u0142\u00f3w Zg\u0142aszania Nieprawid\u0142owo\u015bci lub kt\u00f3re w jakikolwiek spos\u00f3b s\u0105 zaanga\u017cowane w system ochrony sygnalist\u00f3w, zgodnie z obowi\u0105zuj\u0105cymi standardami w zakresie ochrony danych lub bezpiecze\u0144stwa informacji, a mianowicie Og\u00f3lnym Rozporz\u0105dzeniem o [&hellip;]<\/p>\n","protected":false},"author":1,"featured_media":0,"parent":24596,"menu_order":1,"comment_status":"closed","ping_status":"closed","template":"","meta":{"_et_pb_use_builder":"off","_et_pb_old_content":"","_et_gb_content_width":"","inline_featured_image":false,"footnotes":""},"categories":[22,21],"tags":[],"class_list":["post-24600","page","type-page","status-publish","hentry","category-general_page-pl","category-whistleblowing-channel-pl"],"_links":{"self":[{"href":"https:\/\/www.whistleblowingofficer.com\/simoldespolska\/pl\/wp-json\/wp\/v2\/pages\/24600","targetHints":{"allow":["GET"]}}],"collection":[{"href":"https:\/\/www.whistleblowingofficer.com\/simoldespolska\/pl\/wp-json\/wp\/v2\/pages"}],"about":[{"href":"https:\/\/www.whistleblowingofficer.com\/simoldespolska\/pl\/wp-json\/wp\/v2\/types\/page"}],"author":[{"embeddable":true,"href":"https:\/\/www.whistleblowingofficer.com\/simoldespolska\/pl\/wp-json\/wp\/v2\/users\/1"}],"replies":[{"embeddable":true,"href":"https:\/\/www.whistleblowingofficer.com\/simoldespolska\/pl\/wp-json\/wp\/v2\/comments?post=24600"}],"version-history":[{"count":5,"href":"https:\/\/www.whistleblowingofficer.com\/simoldespolska\/pl\/wp-json\/wp\/v2\/pages\/24600\/revisions"}],"predecessor-version":[{"id":24656,"href":"https:\/\/www.whistleblowingofficer.com\/simoldespolska\/pl\/wp-json\/wp\/v2\/pages\/24600\/revisions\/24656"}],"up":[{"embeddable":true,"href":"https:\/\/www.whistleblowingofficer.com\/simoldespolska\/pl\/wp-json\/wp\/v2\/pages\/24596"}],"wp:attachment":[{"href":"https:\/\/www.whistleblowingofficer.com\/simoldespolska\/pl\/wp-json\/wp\/v2\/media?parent=24600"}],"wp:term":[{"taxonomy":"category","embeddable":true,"href":"https:\/\/www.whistleblowingofficer.com\/simoldespolska\/pl\/wp-json\/wp\/v2\/categories?post=24600"},{"taxonomy":"post_tag","embeddable":true,"href":"https:\/\/www.whistleblowingofficer.com\/simoldespolska\/pl\/wp-json\/wp\/v2\/tags?post=24600"}],"curies":[{"name":"wp","href":"https:\/\/api.w.org\/{rel}","templated":true}]}}