{"id":24662,"date":"2023-07-28T05:59:24","date_gmt":"2023-07-28T05:59:24","guid":{"rendered":"https:\/\/www.whistleblowingofficer.com\/simoldesfrance\/?page_id=24662"},"modified":"2024-07-19T13:15:10","modified_gmt":"2024-07-19T13:15:10","slug":"questions-frequemment-posees","status":"publish","type":"page","link":"https:\/\/www.whistleblowingofficer.com\/simoldesfrance\/fr\/simoldes-plasticos-france\/questions-frequemment-posees\/","title":{"rendered":"Questions fr\u00e9quemment pos\u00e9es"},"content":{"rendered":"<p>[et_pb_section fb_built=\u00a0\u00bb1&Prime; admin_label=\u00a0\u00bbSection\u00a0\u00bb module_id=\u00a0\u00bbFaqs\u00a0\u00bb _builder_version=\u00a0\u00bb4.21.0&Prime; _module_preset=\u00a0\u00bbdefault\u00a0\u00bb background_color=\u00a0\u00bb#ececec\u00a0\u00bb custom_padding=\u00a0\u00bb89px||||false|false\u00a0\u00bb da_disable_devices=\u00a0\u00bboff|off|off\u00a0\u00bb global_colors_info=\u00a0\u00bb{}\u00a0\u00bb theme_builder_area=\u00a0\u00bbpost_content\u00a0\u00bb da_is_popup=\u00a0\u00bboff\u00a0\u00bb da_exit_intent=\u00a0\u00bboff\u00a0\u00bb da_has_close=\u00a0\u00bbon\u00a0\u00bb da_alt_close=\u00a0\u00bboff\u00a0\u00bb da_dark_close=\u00a0\u00bboff\u00a0\u00bb da_not_modal=\u00a0\u00bbon\u00a0\u00bb da_is_singular=\u00a0\u00bboff\u00a0\u00bb da_with_loader=\u00a0\u00bboff\u00a0\u00bb da_has_shadow=\u00a0\u00bbon\u00a0\u00bb][et_pb_row use_custom_gutter=\u00a0\u00bbon\u00a0\u00bb gutter_width=\u00a0\u00bb2&Prime; make_equal=\u00a0\u00bbon\u00a0\u00bb _builder_version=\u00a0\u00bb4.21.0&Prime; _module_preset=\u00a0\u00bbdefault\u00a0\u00bb max_width=\u00a0\u00bb1380px\u00a0\u00bb custom_margin=\u00a0\u00bb-1px|auto||auto||\u00a0\u00bb custom_padding=\u00a0\u00bb6px||4px|||\u00a0\u00bb locked=\u00a0\u00bboff\u00a0\u00bb global_colors_info=\u00a0\u00bb{}\u00a0\u00bb theme_builder_area=\u00a0\u00bbpost_content\u00a0\u00bb][et_pb_column type=\u00a0\u00bb4_4&Prime; _builder_version=\u00a0\u00bb4.16&Prime; _module_preset=\u00a0\u00bbdefault\u00a0\u00bb global_colors_info=\u00a0\u00bb{}\u00a0\u00bb theme_builder_area=\u00a0\u00bbpost_content\u00a0\u00bb][et_pb_toggle title=\u00a0\u00bbQu&rsquo;est-ce qu&rsquo;une infraction ou une violation ?\u00a0\u00bb toggle_icon=\u00a0\u00bb&#x27;||divi||400&Prime; open_toggle_icon=\u00a0\u00bb&#x4a;||divi||400&Prime; admin_label=\u00a0\u00bbQ01&Prime; _builder_version=\u00a0\u00bb4.21.0&Prime; _module_preset=\u00a0\u00bbdefault\u00a0\u00bb title_font=\u00a0\u00bb|700|||||||\u00a0\u00bb title_font_size=\u00a0\u00bb18px\u00a0\u00bb border_radii=\u00a0\u00bbon|5px|5px|5px|5px\u00a0\u00bb global_colors_info=\u00a0\u00bb{}\u00a0\u00bb theme_builder_area=\u00a0\u00bbpost_content\u00a0\u00bb][\/et_pb_toggle][et_pb_toggle title=\u00a0\u00bbQuels types d&rsquo;infractions puis-je signaler ?\u00a0\u00bb toggle_icon=\u00a0\u00bb&#x27;||divi||400&Prime; open_toggle_icon=\u00a0\u00bb&#x4a;||divi||400&Prime; admin_label=\u00a0\u00bbQ02&Prime; _builder_version=\u00a0\u00bb4.21.0&Prime; _module_preset=\u00a0\u00bbdefault\u00a0\u00bb title_font=\u00a0\u00bb|700|||||||\u00a0\u00bb title_font_size=\u00a0\u00bb18px\u00a0\u00bb border_radii=\u00a0\u00bbon|5px|5px|5px|5px\u00a0\u00bb global_colors_info=\u00a0\u00bb{}\u00a0\u00bb theme_builder_area=\u00a0\u00bbpost_content\u00a0\u00bb][\/et_pb_toggle][et_pb_toggle title=\u00a0\u00bbQuel peut \u00eatre l&rsquo;objet ou le contenu de la plainte ?\u00a0\u00bb toggle_icon=\u00a0\u00bb&#x27;||divi||400&Prime; open_toggle_icon=\u00a0\u00bb&#x4a;||divi||400&Prime; admin_label=\u00a0\u00bbQ03&Prime; _builder_version=\u00a0\u00bb4.21.0&Prime; _module_preset=\u00a0\u00bbdefault\u00a0\u00bb title_font=\u00a0\u00bb|700|||||||\u00a0\u00bb title_font_size=\u00a0\u00bb18px\u00a0\u00bb border_radii=\u00a0\u00bbon|5px|5px|5px|5px\u00a0\u00bb global_colors_info=\u00a0\u00bb{}\u00a0\u00bb theme_builder_area=\u00a0\u00bbpost_content\u00a0\u00bb][\/et_pb_toggle][et_pb_toggle title=\u00a0\u00bbPuis-je utiliser le canal de d\u00e9nonciation pour d\u00e9poser des rapports de d\u00e9nonciation ?\u00a0\u00bb toggle_icon=\u00a0\u00bb&#x27;||divi||400&Prime; open_toggle_icon=\u00a0\u00bb&#x4a;||divi||400&Prime; admin_label=\u00a0\u00bbQ04&Prime; _builder_version=\u00a0\u00bb4.21.0&Prime; _module_preset=\u00a0\u00bbdefault\u00a0\u00bb title_font=\u00a0\u00bb|700|||||||\u00a0\u00bb title_font_size=\u00a0\u00bb18px\u00a0\u00bb border_radii=\u00a0\u00bbon|5px|5px|5px|5px\u00a0\u00bb global_colors_info=\u00a0\u00bb{}\u00a0\u00bb theme_builder_area=\u00a0\u00bbpost_content\u00a0\u00bb][\/et_pb_toggle][et_pb_toggle title=\u00a0\u00bbQui peut \u00eatre consid\u00e9r\u00e9 comme un lanceur d&rsquo;alerte et b\u00e9n\u00e9ficier d&rsquo;une protection juridique ?\u00a0\u00bb toggle_icon=\u00a0\u00bb&#x27;||divi||400&Prime; open_toggle_icon=\u00a0\u00bb&#x4a;||divi||400&Prime; admin_label=\u00a0\u00bbQ05&Prime; _builder_version=\u00a0\u00bb4.21.0&Prime; _module_preset=\u00a0\u00bbdefault\u00a0\u00bb title_font=\u00a0\u00bb|700|||||||\u00a0\u00bb title_font_size=\u00a0\u00bb18px\u00a0\u00bb border_radii=\u00a0\u00bbon|5px|5px|5px|5px\u00a0\u00bb global_colors_info=\u00a0\u00bb{}\u00a0\u00bb theme_builder_area=\u00a0\u00bbpost_content\u00a0\u00bb][\/et_pb_toggle][et_pb_toggle title=\u00a0\u00bbPuis-je faire des d\u00e9nonciations anonymes ?\u00a0\u00bb toggle_icon=\u00a0\u00bb&#x27;||divi||400&Prime; open_toggle_icon=\u00a0\u00bb&#x4a;||divi||400&Prime; admin_label=\u00a0\u00bbQ06&Prime; _builder_version=\u00a0\u00bb4.21.0&Prime; _module_preset=\u00a0\u00bbdefault\u00a0\u00bb title_font=\u00a0\u00bb|700|||||||\u00a0\u00bb title_font_size=\u00a0\u00bb18px\u00a0\u00bb border_radii=\u00a0\u00bbon|5px|5px|5px|5px\u00a0\u00bb global_colors_info=\u00a0\u00bb{}\u00a0\u00bb theme_builder_area=\u00a0\u00bbpost_content\u00a0\u00bb][\/et_pb_toggle][et_pb_toggle title=\u00a0\u00bbQuelles sont les conditions \u00e0 remplir pour b\u00e9n\u00e9ficier de la protection contre les d\u00e9nonciations ?\u00a0\u00bb toggle_icon=\u00a0\u00bb&#x27;||divi||400&Prime; open_toggle_icon=\u00a0\u00bb&#x4a;||divi||400&Prime; admin_label=\u00a0\u00bbQ07&Prime; _builder_version=\u00a0\u00bb4.21.0&Prime; _module_preset=\u00a0\u00bbdefault\u00a0\u00bb title_font=\u00a0\u00bb|700|||||||\u00a0\u00bb title_font_size=\u00a0\u00bb18px\u00a0\u00bb border_radii=\u00a0\u00bbon|5px|5px|5px|5px\u00a0\u00bb global_colors_info=\u00a0\u00bb{}\u00a0\u00bb theme_builder_area=\u00a0\u00bbpost_content\u00a0\u00bb][\/et_pb_toggle][et_pb_toggle title=\u00a0\u00bbExiste-t-il un pr\u00e9c\u00e9dent entre les canaux de d\u00e9nonciation et la divulgation publique ?\u00a0\u00bb toggle_icon=\u00a0\u00bb&#x27;||divi||400&Prime; open_toggle_icon=\u00a0\u00bb&#x4a;||divi||400&Prime; admin_label=\u00a0\u00bbQ08&Prime; _builder_version=\u00a0\u00bb4.21.0&Prime; _module_preset=\u00a0\u00bbdefault\u00a0\u00bb title_font=\u00a0\u00bb|700|||||||\u00a0\u00bb title_font_size=\u00a0\u00bb18px\u00a0\u00bb border_radii=\u00a0\u00bbon|5px|5px|5px|5px\u00a0\u00bb global_colors_info=\u00a0\u00bb{}\u00a0\u00bb theme_builder_area=\u00a0\u00bbpost_content\u00a0\u00bb][\/et_pb_toggle][et_pb_toggle title=\u00a0\u00bbDans quelles situations puis-je faire des d\u00e9clarations par l&rsquo;interm\u00e9diaire de canaux de d\u00e9claration externes ?\u00a0\u00bb toggle_icon=\u00a0\u00bb&#x27;||divi||400&Prime; open_toggle_icon=\u00a0\u00bb&#x4a;||divi||400&Prime; admin_label=\u00a0\u00bbQ09&Prime; _builder_version=\u00a0\u00bb4.21.0&Prime; _module_preset=\u00a0\u00bbdefault\u00a0\u00bb title_font=\u00a0\u00bb|700|||||||\u00a0\u00bb title_font_size=\u00a0\u00bb18px\u00a0\u00bb border_radii=\u00a0\u00bbon|5px|5px|5px|5px\u00a0\u00bb global_colors_info=\u00a0\u00bb{}\u00a0\u00bb theme_builder_area=\u00a0\u00bbpost_content\u00a0\u00bb][\/et_pb_toggle][et_pb_toggle title=\u00a0\u00bbDans quelles situations puis-je divulguer publiquement l&rsquo;infraction ?\u00a0\u00bb toggle_icon=\u00a0\u00bb&#x27;||divi||400&Prime; open_toggle_icon=\u00a0\u00bb&#x4a;||divi||400&Prime; admin_label=\u00a0\u00bbQ10&Prime; _builder_version=\u00a0\u00bb4.21.0&Prime; _module_preset=\u00a0\u00bbdefault\u00a0\u00bb title_font=\u00a0\u00bb|700|||||||\u00a0\u00bb title_font_size=\u00a0\u00bb18px\u00a0\u00bb border_radii=\u00a0\u00bbon|5px|5px|5px|5px\u00a0\u00bb global_colors_info=\u00a0\u00bb{}\u00a0\u00bb theme_builder_area=\u00a0\u00bbpost_content\u00a0\u00bb][\/et_pb_toggle][et_pb_toggle title=\u00a0\u00bbQue se passe-t-il si vous faites une d\u00e9claration externe ou une divulgation publique sans respecter la r\u00e8gle de pr\u00e9s\u00e9ance ?\u00a0\u00bb toggle_icon=\u00a0\u00bb&#x27;||divi||400&Prime; open_toggle_icon=\u00a0\u00bb&#x4a;||divi||400&Prime; admin_label=\u00a0\u00bbQ11&Prime; _builder_version=\u00a0\u00bb4.21.0&Prime; _module_preset=\u00a0\u00bbdefault\u00a0\u00bb title_font=\u00a0\u00bb|700|||||||\u00a0\u00bb title_font_size=\u00a0\u00bb18px\u00a0\u00bb border_radii=\u00a0\u00bbon|5px|5px|5px|5px\u00a0\u00bb global_colors_info=\u00a0\u00bb{}\u00a0\u00bb theme_builder_area=\u00a0\u00bbpost_content\u00a0\u00bb][\/et_pb_toggle][et_pb_toggle title=\u00a0\u00bbY a-t-il une obligation de d\u00e9poser un rapport d&rsquo;infraction ?\u00a0\u00bb toggle_icon=\u00a0\u00bb&#x27;||divi||400&Prime; open_toggle_icon=\u00a0\u00bb&#x4a;||divi||400&Prime; admin_label=\u00a0\u00bbQ12&Prime; _builder_version=\u00a0\u00bb4.21.0&Prime; _module_preset=\u00a0\u00bbdefault\u00a0\u00bb title_font=\u00a0\u00bb|700|||||||\u00a0\u00bb title_font_size=\u00a0\u00bb18px\u00a0\u00bb hover_enabled=\u00a0\u00bb0&Prime; border_radii=\u00a0\u00bbon|5px|5px|5px|5px\u00a0\u00bb global_colors_info=\u00a0\u00bb{}\u00a0\u00bb theme_builder_area=\u00a0\u00bbpost_content\u00a0\u00bb sticky_enabled=\u00a0\u00bb0&Prime;][\/et_pb_toggle][et_pb_toggle title=\u00a0\u00bbQuelles sont les entit\u00e9s tenues de mettre en place des canaux d&rsquo;information internes ?\u00a0\u00bb toggle_icon=\u00a0\u00bb&#x27;||divi||400&Prime; open_toggle_icon=\u00a0\u00bb&#x4a;||divi||400&Prime; admin_label=\u00a0\u00bbQ13&Prime; _builder_version=\u00a0\u00bb4.21.0&Prime; _module_preset=\u00a0\u00bbdefault\u00a0\u00bb title_font=\u00a0\u00bb|700|||||||\u00a0\u00bb title_font_size=\u00a0\u00bb18px\u00a0\u00bb hover_enabled=\u00a0\u00bb0&Prime; border_radii=\u00a0\u00bbon|5px|5px|5px|5px\u00a0\u00bb global_colors_info=\u00a0\u00bb{}\u00a0\u00bb theme_builder_area=\u00a0\u00bbpost_content\u00a0\u00bb sticky_enabled=\u00a0\u00bb0&Prime;][\/et_pb_toggle][et_pb_toggle title=\u00a0\u00bbQuels sont les canaux de d\u00e9nonciation internes ?\u00a0\u00bb toggle_icon=\u00a0\u00bb&#x27;||divi||400&Prime; open_toggle_icon=\u00a0\u00bb&#x4a;||divi||400&Prime; admin_label=\u00a0\u00bbQ14&Prime; _builder_version=\u00a0\u00bb4.21.0&Prime; _module_preset=\u00a0\u00bbdefault\u00a0\u00bb title_font=\u00a0\u00bb|700|||||||\u00a0\u00bb title_font_size=\u00a0\u00bb18px\u00a0\u00bb hover_enabled=\u00a0\u00bb0&Prime; border_radii=\u00a0\u00bbon|5px|5px|5px|5px\u00a0\u00bb global_colors_info=\u00a0\u00bb{}\u00a0\u00bb theme_builder_area=\u00a0\u00bbpost_content\u00a0\u00bb sticky_enabled=\u00a0\u00bb0&Prime;][\/et_pb_toggle][et_pb_toggle title=\u00a0\u00bbQui sont les personnes qui composent l&rsquo;\u00e9quipe des lanceurs d&rsquo;alerte ?\u00a0\u00bb toggle_icon=\u00a0\u00bb&#x27;||divi||400&Prime; open_toggle_icon=\u00a0\u00bb&#x4a;||divi||400&Prime; admin_label=\u00a0\u00bbQ15&Prime; _builder_version=\u00a0\u00bb4.21.0&Prime; _module_preset=\u00a0\u00bbdefault\u00a0\u00bb title_font=\u00a0\u00bb|700|||||||\u00a0\u00bb title_font_size=\u00a0\u00bb18px\u00a0\u00bb hover_enabled=\u00a0\u00bb0&Prime; border_radii=\u00a0\u00bbon|5px|5px|5px|5px\u00a0\u00bb global_colors_info=\u00a0\u00bb{}\u00a0\u00bb theme_builder_area=\u00a0\u00bbpost_content\u00a0\u00bb sticky_enabled=\u00a0\u00bb0&Prime;][\/et_pb_toggle][et_pb_toggle title=\u00a0\u00bbComment puis-je d\u00e9poser un rapport de d\u00e9nonciation ?\u00a0\u00bb toggle_icon=\u00a0\u00bb&#x27;||divi||400&Prime; open_toggle_icon=\u00a0\u00bb&#x4a;||divi||400&Prime; admin_label=\u00a0\u00bbQ16&Prime; _builder_version=\u00a0\u00bb4.21.0&Prime; _module_preset=\u00a0\u00bbdefault\u00a0\u00bb title_font=\u00a0\u00bb|700|||||||\u00a0\u00bb title_font_size=\u00a0\u00bb18px\u00a0\u00bb hover_enabled=\u00a0\u00bb0&Prime; border_radii=\u00a0\u00bbon|5px|5px|5px|5px\u00a0\u00bb global_colors_info=\u00a0\u00bb{}\u00a0\u00bb theme_builder_area=\u00a0\u00bbpost_content\u00a0\u00bb sticky_enabled=\u00a0\u00bb0&Prime;][\/et_pb_toggle][et_pb_toggle title=\u00a0\u00bbQuels sont les canaux de d\u00e9nonciation internes ?\u00a0\u00bb toggle_icon=\u00a0\u00bb&#x27;||divi||400&Prime; open_toggle_icon=\u00a0\u00bb&#x4a;||divi||400&Prime; admin_label=\u00a0\u00bbQ17&Prime; _builder_version=\u00a0\u00bb4.21.0&Prime; _module_preset=\u00a0\u00bbdefault\u00a0\u00bb title_font=\u00a0\u00bb|700|||||||\u00a0\u00bb title_font_size=\u00a0\u00bb18px\u00a0\u00bb hover_enabled=\u00a0\u00bb0&Prime; border_radii=\u00a0\u00bbon|5px|5px|5px|5px\u00a0\u00bb global_colors_info=\u00a0\u00bb{}\u00a0\u00bb theme_builder_area=\u00a0\u00bbpost_content\u00a0\u00bb sticky_enabled=\u00a0\u00bb0&Prime;][\/et_pb_toggle][et_pb_toggle title=\u00a0\u00bbPuis-je d\u00e9poser une d\u00e9nonciation verbale ?\u00a0\u00bb toggle_icon=\u00a0\u00bb&#x27;||divi||400&Prime; open_toggle_icon=\u00a0\u00bb&#x4a;||divi||400&Prime; admin_label=\u00a0\u00bbQ18&Prime; _builder_version=\u00a0\u00bb4.21.0&Prime; _module_preset=\u00a0\u00bbdefault\u00a0\u00bb title_font=\u00a0\u00bb|700|||||||\u00a0\u00bb title_font_size=\u00a0\u00bb18px\u00a0\u00bb hover_enabled=\u00a0\u00bb0&Prime; border_radii=\u00a0\u00bbon|5px|5px|5px|5px\u00a0\u00bb global_colors_info=\u00a0\u00bb{}\u00a0\u00bb theme_builder_area=\u00a0\u00bbpost_content\u00a0\u00bb sticky_enabled=\u00a0\u00bb0&Prime;][\/et_pb_toggle][et_pb_toggle title=\u00a0\u00bbPuis-je d\u00e9poser un rapport de d\u00e9nonciation en personne ?\u00a0\u00bb toggle_icon=\u00a0\u00bb&#x27;||divi||400&Prime; open_toggle_icon=\u00a0\u00bb&#x4a;||divi||400&Prime; admin_label=\u00a0\u00bbQ19&Prime; _builder_version=\u00a0\u00bb4.21.0&Prime; _module_preset=\u00a0\u00bbdefault\u00a0\u00bb title_font=\u00a0\u00bb|700|||||||\u00a0\u00bb title_font_size=\u00a0\u00bb18px\u00a0\u00bb hover_enabled=\u00a0\u00bb0&Prime; border_radii=\u00a0\u00bbon|5px|5px|5px|5px\u00a0\u00bb global_colors_info=\u00a0\u00bb{}\u00a0\u00bb theme_builder_area=\u00a0\u00bbpost_content\u00a0\u00bb sticky_enabled=\u00a0\u00bb0&Prime;][\/et_pb_toggle][et_pb_toggle title=\u00a0\u00bbComment dois-je structurer ma plainte ?\u00a0\u00bb toggle_icon=\u00a0\u00bb&#x27;||divi||400&Prime; open_toggle_icon=\u00a0\u00bb&#x4a;||divi||400&Prime; admin_label=\u00a0\u00bbQ20&Prime; _builder_version=\u00a0\u00bb4.21.0&Prime; _module_preset=\u00a0\u00bbdefault\u00a0\u00bb title_font=\u00a0\u00bb|700|||||||\u00a0\u00bb title_font_size=\u00a0\u00bb18px\u00a0\u00bb hover_enabled=\u00a0\u00bb0&Prime; border_radii=\u00a0\u00bbon|5px|5px|5px|5px\u00a0\u00bb global_colors_info=\u00a0\u00bb{}\u00a0\u00bb theme_builder_area=\u00a0\u00bbpost_content\u00a0\u00bb sticky_enabled=\u00a0\u00bb0&Prime;][\/et_pb_toggle][et_pb_toggle title=\u00a0\u00bbExiste-t-il un mod\u00e8le de formulaire que je peux utiliser pour d\u00e9poser une plainte pour d\u00e9nonciation ?\u00a0\u00bb toggle_icon=\u00a0\u00bb&#x27;||divi||400&Prime; open_toggle_icon=\u00a0\u00bb&#x4a;||divi||400&Prime; admin_label=\u00a0\u00bbQ21&Prime; _builder_version=\u00a0\u00bb4.21.0&Prime; _module_preset=\u00a0\u00bbdefault\u00a0\u00bb title_font=\u00a0\u00bb|700|||||||\u00a0\u00bb title_font_size=\u00a0\u00bb18px\u00a0\u00bb hover_enabled=\u00a0\u00bb0&Prime; border_radii=\u00a0\u00bbon|5px|5px|5px|5px\u00a0\u00bb global_colors_info=\u00a0\u00bb{}\u00a0\u00bb theme_builder_area=\u00a0\u00bbpost_content\u00a0\u00bb sticky_enabled=\u00a0\u00bb0&Prime;][\/et_pb_toggle][et_pb_toggle title=\u00a0\u00bbComment puis-je assurer le suivi de la plainte qui a \u00e9t\u00e9 d\u00e9pos\u00e9e ?\u00a0\u00bb toggle_icon=\u00a0\u00bb&#x27;||divi||400&Prime; open_toggle_icon=\u00a0\u00bb&#x4a;||divi||400&Prime; admin_label=\u00a0\u00bbQ22&Prime; _builder_version=\u00a0\u00bb4.21.0&Prime; _module_preset=\u00a0\u00bbdefault\u00a0\u00bb title_font=\u00a0\u00bb|700|||||||\u00a0\u00bb title_font_size=\u00a0\u00bb18px\u00a0\u00bb hover_enabled=\u00a0\u00bb0&Prime; border_radii=\u00a0\u00bbon|5px|5px|5px|5px\u00a0\u00bb global_colors_info=\u00a0\u00bb{}\u00a0\u00bb theme_builder_area=\u00a0\u00bbpost_content\u00a0\u00bb sticky_enabled=\u00a0\u00bb0&Prime;][\/et_pb_toggle][et_pb_toggle title=\u00a0\u00bbRecevrai-je une r\u00e9ponse \u00e0 ma plainte ?\u00a0\u00bb toggle_icon=\u00a0\u00bb&#x27;||divi||400&Prime; open_toggle_icon=\u00a0\u00bb&#x4a;||divi||400&Prime; admin_label=\u00a0\u00bbQ23&Prime; _builder_version=\u00a0\u00bb4.21.0&Prime; _module_preset=\u00a0\u00bbdefault\u00a0\u00bb title_font=\u00a0\u00bb|700|||||||\u00a0\u00bb title_font_size=\u00a0\u00bb18px\u00a0\u00bb hover_enabled=\u00a0\u00bb0&Prime; border_radii=\u00a0\u00bbon|5px|5px|5px|5px\u00a0\u00bb global_colors_info=\u00a0\u00bb{}\u00a0\u00bb theme_builder_area=\u00a0\u00bbpost_content\u00a0\u00bb sticky_enabled=\u00a0\u00bb0&Prime;][\/et_pb_toggle][et_pb_toggle title=\u00a0\u00bbLa confidentialit\u00e9 des plaintes et de l&rsquo;identit\u00e9 du d\u00e9nonciateur est-elle garantie ?\u00a0\u00bb toggle_icon=\u00a0\u00bb&#x27;||divi||400&Prime; open_toggle_icon=\u00a0\u00bb&#x4a;||divi||400&Prime; admin_label=\u00a0\u00bbQ24&Prime; _builder_version=\u00a0\u00bb4.21.0&Prime; _module_preset=\u00a0\u00bbdefault\u00a0\u00bb title_font=\u00a0\u00bb|700|||||||\u00a0\u00bb title_font_size=\u00a0\u00bb18px\u00a0\u00bb hover_enabled=\u00a0\u00bb0&Prime; border_radii=\u00a0\u00bbon|5px|5px|5px|5px\u00a0\u00bb global_colors_info=\u00a0\u00bb{}\u00a0\u00bb theme_builder_area=\u00a0\u00bbpost_content\u00a0\u00bb sticky_enabled=\u00a0\u00bb0&Prime;][\/et_pb_toggle][et_pb_toggle title=\u00a0\u00bbComment les donn\u00e9es personnelles sont-elles trait\u00e9es ?\u00a0\u00bb toggle_icon=\u00a0\u00bb&#x27;||divi||400&Prime; open_toggle_icon=\u00a0\u00bb&#x4a;||divi||400&Prime; admin_label=\u00a0\u00bbQ25&Prime; _builder_version=\u00a0\u00bb4.21.0&Prime; _module_preset=\u00a0\u00bbdefault\u00a0\u00bb title_font=\u00a0\u00bb|700|||||||\u00a0\u00bb title_font_size=\u00a0\u00bb18px\u00a0\u00bb hover_enabled=\u00a0\u00bb0&Prime; border_radii=\u00a0\u00bbon|5px|5px|5px|5px\u00a0\u00bb global_colors_info=\u00a0\u00bb{}\u00a0\u00bb theme_builder_area=\u00a0\u00bbpost_content\u00a0\u00bb sticky_enabled=\u00a0\u00bb0&Prime;][\/et_pb_toggle][et_pb_toggle title=\u00a0\u00bbComment s&rsquo;effectue la conservation des plaintes de d\u00e9nonciation et quelles sont les p\u00e9riodes de conservation ?\u00a0\u00bb toggle_icon=\u00a0\u00bb&#x27;||divi||400&Prime; open_toggle_icon=\u00a0\u00bb&#x4a;||divi||400&Prime; admin_label=\u00a0\u00bbQ26&Prime; _builder_version=\u00a0\u00bb4.21.0&Prime; _module_preset=\u00a0\u00bbdefault\u00a0\u00bb title_font=\u00a0\u00bb|700|||||||\u00a0\u00bb title_font_size=\u00a0\u00bb18px\u00a0\u00bb hover_enabled=\u00a0\u00bb0&Prime; border_radii=\u00a0\u00bbon|5px|5px|5px|5px\u00a0\u00bb global_colors_info=\u00a0\u00bb{}\u00a0\u00bb theme_builder_area=\u00a0\u00bbpost_content\u00a0\u00bb sticky_enabled=\u00a0\u00bb0&Prime;][\/et_pb_toggle][et_pb_toggle title=\u00a0\u00bbQuelles sont les mesures de protection des d\u00e9nonciateurs ?\u00a0\u00bb toggle_icon=\u00a0\u00bb&#x27;||divi||400&Prime; open_toggle_icon=\u00a0\u00bb&#x4a;||divi||400&Prime; admin_label=\u00a0\u00bbQ27&Prime; _builder_version=\u00a0\u00bb4.21.0&Prime; _module_preset=\u00a0\u00bbdefault\u00a0\u00bb title_font=\u00a0\u00bb|700|||||||\u00a0\u00bb title_font_size=\u00a0\u00bb18px\u00a0\u00bb hover_enabled=\u00a0\u00bb0&Prime; border_radii=\u00a0\u00bbon|5px|5px|5px|5px\u00a0\u00bb global_colors_info=\u00a0\u00bb{}\u00a0\u00bb theme_builder_area=\u00a0\u00bbpost_content\u00a0\u00bb sticky_enabled=\u00a0\u00bb0&Prime;][\/et_pb_toggle][et_pb_toggle title=\u00a0\u00bbQuels sont les contacts de l&rsquo;\u00e9quipe charg\u00e9e du traitement des d\u00e9nonciations ?\u00a0\u00bb toggle_icon=\u00a0\u00bb&#x27;||divi||400&Prime; open_toggle_icon=\u00a0\u00bb&#x4a;||divi||400&Prime; admin_label=\u00a0\u00bbQ28&Prime; _builder_version=\u00a0\u00bb4.21.0&Prime; _module_preset=\u00a0\u00bbdefault\u00a0\u00bb title_font=\u00a0\u00bb|700|||||||\u00a0\u00bb title_font_size=\u00a0\u00bb18px\u00a0\u00bb hover_enabled=\u00a0\u00bb0&Prime; border_radii=\u00a0\u00bbon|5px|5px|5px|5px\u00a0\u00bb global_colors_info=\u00a0\u00bb{}\u00a0\u00bb theme_builder_area=\u00a0\u00bbpost_content\u00a0\u00bb sticky_enabled=\u00a0\u00bb0&Prime;][\/et_pb_toggle][et_pb_toggle title=\u00a0\u00bbO\u00f9 puis-je trouver plus d&rsquo;informations sur la protection des d\u00e9nonciateurs ?\u00a0\u00bb toggle_icon=\u00a0\u00bb&#x27;||divi||400&Prime; open_toggle_icon=\u00a0\u00bb&#x4a;||divi||400&Prime; admin_label=\u00a0\u00bbQ29&Prime; _builder_version=\u00a0\u00bb4.21.0&Prime; _module_preset=\u00a0\u00bbdefault\u00a0\u00bb title_font=\u00a0\u00bb|700|||||||\u00a0\u00bb title_font_size=\u00a0\u00bb18px\u00a0\u00bb hover_enabled=\u00a0\u00bb0&Prime; border_radii=\u00a0\u00bbon|5px|5px|5px|5px\u00a0\u00bb global_colors_info=\u00a0\u00bb{}\u00a0\u00bb theme_builder_area=\u00a0\u00bbpost_content\u00a0\u00bb sticky_enabled=\u00a0\u00bb0&Prime;][\/et_pb_toggle][et_pb_toggle title=\u00a0\u00bbO\u00f9 puis-je trouver les normes juridiques applicables dans ce domaine ?\u00a0\u00bb toggle_icon=\u00a0\u00bb&#x27;||divi||400&Prime; open_toggle_icon=\u00a0\u00bb&#x4a;||divi||400&Prime; admin_label=\u00a0\u00bbQ30&Prime; _builder_version=\u00a0\u00bb4.21.0&Prime; _module_preset=\u00a0\u00bbdefault\u00a0\u00bb title_font=\u00a0\u00bb|700|||||||\u00a0\u00bb title_font_size=\u00a0\u00bb18px\u00a0\u00bb hover_enabled=\u00a0\u00bb0&Prime; border_radii=\u00a0\u00bbon|5px|5px|5px|5px\u00a0\u00bb global_colors_info=\u00a0\u00bb{}\u00a0\u00bb theme_builder_area=\u00a0\u00bbpost_content\u00a0\u00bb sticky_enabled=\u00a0\u00bb0&Prime;][\/et_pb_toggle][et_pb_toggle title=\u00a0\u00bbO\u00f9 puis-je trouver les normes internes de mon organisation ?\u00a0\u00bb toggle_icon=\u00a0\u00bb&#x27;||divi||400&Prime; open_toggle_icon=\u00a0\u00bb&#x4a;||divi||400&Prime; admin_label=\u00a0\u00bbQ31&Prime; _builder_version=\u00a0\u00bb4.21.0&Prime; _module_preset=\u00a0\u00bbdefault\u00a0\u00bb title_font=\u00a0\u00bb|700|||||||\u00a0\u00bb title_font_size=\u00a0\u00bb18px\u00a0\u00bb hover_enabled=\u00a0\u00bb0&Prime; border_radii=\u00a0\u00bbon|5px|5px|5px|5px\u00a0\u00bb global_colors_info=\u00a0\u00bb{}\u00a0\u00bb theme_builder_area=\u00a0\u00bbpost_content\u00a0\u00bb sticky_enabled=\u00a0\u00bb0&Prime;][\/et_pb_toggle][et_pb_toggle title=\u00a0\u00bbQui puis-je contacter si j&rsquo;ai des questions ou si j&rsquo;ai besoin d&rsquo;aide et de conseils avant de signaler une infraction ?\u00a0\u00bb toggle_icon=\u00a0\u00bb&#x27;||divi||400&Prime; open_toggle_icon=\u00a0\u00bb&#x4a;||divi||400&Prime; admin_label=\u00a0\u00bbQ32&Prime; _builder_version=\u00a0\u00bb4.21.0&Prime; _module_preset=\u00a0\u00bbdefault\u00a0\u00bb title_font=\u00a0\u00bb|700|||||||\u00a0\u00bb title_font_size=\u00a0\u00bb18px\u00a0\u00bb hover_enabled=\u00a0\u00bb0&Prime; border_radii=\u00a0\u00bbon|5px|5px|5px|5px\u00a0\u00bb global_colors_info=\u00a0\u00bb{}\u00a0\u00bb theme_builder_area=\u00a0\u00bbpost_content\u00a0\u00bb sticky_enabled=\u00a0\u00bb0&Prime;][\/et_pb_toggle][et_pb_toggle title=\u00a0\u00bbQuel est le lien pour acc\u00e9der \u00e0 la plateforme du Whistleblower Channel ?\u00a0\u00bb toggle_icon=\u00a0\u00bb&#x27;||divi||400&Prime; open_toggle_icon=\u00a0\u00bb&#x4a;||divi||400&Prime; admin_label=\u00a0\u00bbQ33&Prime; _builder_version=\u00a0\u00bb4.21.0&Prime; _module_preset=\u00a0\u00bbdefault\u00a0\u00bb title_font=\u00a0\u00bb|700|||||||\u00a0\u00bb title_font_size=\u00a0\u00bb18px\u00a0\u00bb hover_enabled=\u00a0\u00bb0&Prime; border_radii=\u00a0\u00bbon|5px|5px|5px|5px\u00a0\u00bb global_colors_info=\u00a0\u00bb{}\u00a0\u00bb theme_builder_area=\u00a0\u00bbpost_content\u00a0\u00bb sticky_enabled=\u00a0\u00bb0&Prime;][\/et_pb_toggle][et_pb_toggle title=\u00a0\u00bbQuel est le lien d&rsquo;acc\u00e8s \u00e0 la plateforme du r\u00e9f\u00e9rentiel de conformit\u00e9 ?\u00a0\u00bb toggle_icon=\u00a0\u00bb&#x27;||divi||400&Prime; open_toggle_icon=\u00a0\u00bb&#x4a;||divi||400&Prime; admin_label=\u00a0\u00bbQ34&Prime; _builder_version=\u00a0\u00bb4.21.0&Prime; _module_preset=\u00a0\u00bbdefault\u00a0\u00bb title_font=\u00a0\u00bb|700|||||||\u00a0\u00bb title_font_size=\u00a0\u00bb18px\u00a0\u00bb hover_enabled=\u00a0\u00bb0&Prime; border_radii=\u00a0\u00bbon|5px|5px|5px|5px\u00a0\u00bb global_colors_info=\u00a0\u00bb{}\u00a0\u00bb theme_builder_area=\u00a0\u00bbpost_content\u00a0\u00bb sticky_enabled=\u00a0\u00bb0&Prime;][\/et_pb_toggle][et_pb_toggle title=\u00a0\u00bbO\u00f9 puis-je trouver des informations d\u00e9taill\u00e9es sur la protection des donn\u00e9es des d\u00e9nonciateurs ?\u00a0\u00bb toggle_icon=\u00a0\u00bb&#x27;||divi||400&Prime; open_toggle_icon=\u00a0\u00bb&#x4a;||divi||400&Prime; admin_label=\u00a0\u00bbQ35&Prime; _builder_version=\u00a0\u00bb4.21.0&Prime; _module_preset=\u00a0\u00bbdefault\u00a0\u00bb title_font=\u00a0\u00bb|700|||||||\u00a0\u00bb title_font_size=\u00a0\u00bb18px\u00a0\u00bb hover_enabled=\u00a0\u00bb0&Prime; border_radii=\u00a0\u00bbon|5px|5px|5px|5px\u00a0\u00bb global_colors_info=\u00a0\u00bb{}\u00a0\u00bb theme_builder_area=\u00a0\u00bbpost_content\u00a0\u00bb sticky_enabled=\u00a0\u00bb0&Prime;][\/et_pb_toggle][\/et_pb_column][\/et_pb_row][\/et_pb_section]<\/p>\n","protected":false},"excerpt":{"rendered":"","protected":false},"author":1,"featured_media":0,"parent":24630,"menu_order":3,"comment_status":"closed","ping_status":"closed","template":"","meta":{"_et_pb_use_builder":"on","_et_pb_old_content":"","_et_gb_content_width":"","inline_featured_image":false,"footnotes":""},"categories":[21,22],"tags":[],"class_list":["post-24662","page","type-page","status-publish","hentry","category-canal-de-denonciation","category-general_page-fr"],"_links":{"self":[{"href":"https:\/\/www.whistleblowingofficer.com\/simoldesfrance\/fr\/wp-json\/wp\/v2\/pages\/24662","targetHints":{"allow":["GET"]}}],"collection":[{"href":"https:\/\/www.whistleblowingofficer.com\/simoldesfrance\/fr\/wp-json\/wp\/v2\/pages"}],"about":[{"href":"https:\/\/www.whistleblowingofficer.com\/simoldesfrance\/fr\/wp-json\/wp\/v2\/types\/page"}],"author":[{"embeddable":true,"href":"https:\/\/www.whistleblowingofficer.com\/simoldesfrance\/fr\/wp-json\/wp\/v2\/users\/1"}],"replies":[{"embeddable":true,"href":"https:\/\/www.whistleblowingofficer.com\/simoldesfrance\/fr\/wp-json\/wp\/v2\/comments?post=24662"}],"version-history":[{"count":3,"href":"https:\/\/www.whistleblowingofficer.com\/simoldesfrance\/fr\/wp-json\/wp\/v2\/pages\/24662\/revisions"}],"predecessor-version":[{"id":24667,"href":"https:\/\/www.whistleblowingofficer.com\/simoldesfrance\/fr\/wp-json\/wp\/v2\/pages\/24662\/revisions\/24667"}],"up":[{"embeddable":true,"href":"https:\/\/www.whistleblowingofficer.com\/simoldesfrance\/fr\/wp-json\/wp\/v2\/pages\/24630"}],"wp:attachment":[{"href":"https:\/\/www.whistleblowingofficer.com\/simoldesfrance\/fr\/wp-json\/wp\/v2\/media?parent=24662"}],"wp:term":[{"taxonomy":"category","embeddable":true,"href":"https:\/\/www.whistleblowingofficer.com\/simoldesfrance\/fr\/wp-json\/wp\/v2\/categories?post=24662"},{"taxonomy":"post_tag","embeddable":true,"href":"https:\/\/www.whistleblowingofficer.com\/simoldesfrance\/fr\/wp-json\/wp\/v2\/tags?post=24662"}],"curies":[{"name":"wp","href":"https:\/\/api.w.org\/{rel}","templated":true}]}}