{"id":24647,"date":"2023-10-09T15:25:06","date_gmt":"2023-10-09T15:25:06","guid":{"rendered":"https:\/\/www.whistleblowingofficer.com\/simoldesfrance\/?page_id=24647"},"modified":"2024-07-19T09:39:19","modified_gmt":"2024-07-19T09:39:19","slug":"fiche-technique","status":"publish","type":"page","link":"https:\/\/www.whistleblowingofficer.com\/simoldesfrance\/fr\/simoldes-plasticos-france\/denonciateurs\/fiche-technique\/","title":{"rendered":"Fiche technique"},"content":{"rendered":"<p>&nbsp;<\/p>\n<h1><span style=\"font-weight: 400;\">Fiche technique<\/span><\/h1>\n<p><b>Fiche technique du site www.simoldes.com<\/b><\/p>\n<p><span style=\"font-weight: 400;\">Fiche technique : fiche d&rsquo;information sur les \u00e9l\u00e9ments d&rsquo;identification institutionnelle du site www.simoldes.com, ses caract\u00e9ristiques g\u00e9n\u00e9rales et les formes ou conditions d&rsquo;utilisation.<\/span><\/p>\n<p><b>Date d&rsquo;activation<\/b><\/p>\n<p><span style=\"font-weight: 400;\">Le site www.simoldes.com a \u00e9t\u00e9 activ\u00e9 le 17 septembre 2021.<\/span><\/p>\n<p><b>Enregistrement du domaine<\/b><\/p>\n<p><span style=\"font-weight: 400;\">Le domaine www.simoldes.com est enregistr\u00e9 par la personne morale Simoldes Pl\u00e1sticos, SA, sous le num\u00e9ro d&rsquo;identification 501 220 267.<\/span><\/p>\n<p><b>Propri\u00e9t\u00e9 du site<\/b><\/p>\n<p><span style=\"font-weight: 400;\">Le site www.simoldes.com est \u00e9galement la propri\u00e9t\u00e9 de Simoldes Pl\u00e1sticos, SA, sous le num\u00e9ro d&rsquo;identification 501 220 267.Identifica\u00e7\u00e3o Institucional<\/span><\/p>\n<p><span style=\"font-weight: 400;\">Simoldes Pl\u00e1sticos, SA est une soci\u00e9t\u00e9 anonyme de droit portugais, dont le si\u00e8ge social est situ\u00e9 Rua Comendador Ant\u00f3nio da Silva Rodrigues, N\u00ba165, Zona Industrial 3720-502 Oliveira de Azem\u00e9is, et dont le num\u00e9ro d&rsquo;identification fiscale est PT501 220 267.<\/span><\/p>\n<p><b>Contacts institutionnels<\/b><\/p>\n<p><span style=\"font-weight: 400;\">Simoldes dispose des canaux de communication suivants :<\/span><\/p>\n<p><span style=\"font-weight: 400;\">&#8211; T\u00e9l\u00e9phone g\u00e9n\u00e9ral : (+351) 256 661 100 ;<\/span><\/p>\n<p><span style=\"font-weight: 400;\">&#8211; Courriel g\u00e9n\u00e9ral : mail@simoldes.com.<\/span><\/p>\n<p><b>Site web de Simoldes<\/b><\/p>\n<p><span style=\"font-weight: 400;\">Le site web de Simoldes est accessible \u00e0 l&rsquo;adresse suivante : www.simoldes.com.<\/span><\/p>\n<p><b>Coordonn\u00e9es du d\u00e9l\u00e9gu\u00e9 \u00e0 la protection des donn\u00e9es<\/b><\/p>\n<p><span style=\"font-weight: 400;\">Le d\u00e9l\u00e9gu\u00e9 \u00e0 la protection des donn\u00e9es du propri\u00e9taire du site web peut \u00eatre contact\u00e9 \u00e0 l&rsquo;adresse \u00e9lectronique protecaodedados@simoldes.com.<\/span><\/p>\n<p><b>Coordonn\u00e9es du responsable de la s\u00e9curit\u00e9<\/b><\/p>\n<p><span style=\"font-weight: 400;\">Le responsable de la s\u00e9curit\u00e9 du propri\u00e9taire du site web peut \u00eatre contact\u00e9 \u00e0 l&rsquo;adresse protecaodedados@simoldes.com.<\/span><\/p>\n<p><span style=\"font-weight: 400;\">Contact pour l&rsquo;administrateur du syst\u00e8me L&rsquo;administrateur du syst\u00e8me du propri\u00e9taire du site web peut \u00eatre contact\u00e9 \u00e0 l&rsquo;adresse \u00e9lectronique <\/span><a href=\"mailto:protecaodedados@simoldes.com\"><span style=\"font-weight: 400;\">protecaodedados@simoldes.com<\/span><\/a><span style=\"font-weight: 400;\">.<\/span><\/p>\n<p><b>Politique de protection des donn\u00e9es<\/b><\/p>\n<p><span style=\"font-weight: 400;\">La politique de protection des donn\u00e9es est accessible ici.<\/span><\/p>\n<p><b>Responsabilit\u00e9 \u00e9ditoriale du contenu<\/b><\/p>\n<p><span style=\"font-weight: 400;\">Le contenu des pages publi\u00e9es sur le site Web est \u00e9labor\u00e9 sous la responsabilit\u00e9 \u00e9ditoriale de LOBA.cx.<\/span><\/p>\n<p><b>Droits d&rsquo;auteur<\/b><\/p>\n<p><span style=\"font-weight: 400;\">Le contenu du site Web qui ne provient pas de sources publiques est prot\u00e9g\u00e9 par les droits d&rsquo;auteur et les droits de propri\u00e9t\u00e9 industrielle.<\/span><\/p>\n<p><span style=\"font-weight: 400;\">Les contenus du site ne peuvent \u00eatre \u00e9dit\u00e9s, publi\u00e9s, diffus\u00e9s ou reproduits par quelque moyen technique que ce soit. Ils ne peuvent pas non plus \u00eatre t\u00e9l\u00e9charg\u00e9s ou copi\u00e9s sans l&rsquo;autorisation pr\u00e9alable, expresse et \u00e9crite du propri\u00e9taire.\u00a0<\/span><\/p>\n<p><span style=\"font-weight: 400;\">L&rsquo;utilisation non autoris\u00e9e du contenu est consid\u00e9r\u00e9e comme ill\u00e9gale et fait l&rsquo;objet de poursuites p\u00e9nales, civiles et disciplinaires devant les tribunaux portugais.<\/span><\/p>\n<p><b>Assistance technique<\/b><\/p>\n<p><span style=\"font-weight: 400;\">Pour tout type d&rsquo;aide ou d&rsquo;assistance technique, veuillez appeler le (+351) 256 660 900, disponible tous les jours ouvrables entre 9h et 18h.<\/span><\/p>\n<p><b>Version de la fiche technique<\/b><\/p>\n<p><span style=\"font-weight: 400;\">La fiche technique est dat\u00e9e du 16 septembre 2021, avec la r\u00e9f\u00e9rence : Version FT\/01..<\/span><\/p>\n","protected":false},"excerpt":{"rendered":"<p>&nbsp; Fiche technique Fiche technique du site www.simoldes.com Fiche technique : fiche d&rsquo;information sur les \u00e9l\u00e9ments d&rsquo;identification institutionnelle du site www.simoldes.com, ses caract\u00e9ristiques g\u00e9n\u00e9rales et les formes ou conditions d&rsquo;utilisation. Date d&rsquo;activation Le site www.simoldes.com a \u00e9t\u00e9 activ\u00e9 le 17 septembre 2021. Enregistrement du domaine Le domaine www.simoldes.com est enregistr\u00e9 par la personne morale Simoldes [&hellip;]<\/p>\n","protected":false},"author":1,"featured_media":0,"parent":24633,"menu_order":5,"comment_status":"closed","ping_status":"closed","template":"","meta":{"_et_pb_use_builder":"","_et_pb_old_content":"","_et_gb_content_width":"","inline_featured_image":false,"footnotes":""},"categories":[],"tags":[],"class_list":["post-24647","page","type-page","status-publish","hentry"],"_links":{"self":[{"href":"https:\/\/www.whistleblowingofficer.com\/simoldesfrance\/fr\/wp-json\/wp\/v2\/pages\/24647","targetHints":{"allow":["GET"]}}],"collection":[{"href":"https:\/\/www.whistleblowingofficer.com\/simoldesfrance\/fr\/wp-json\/wp\/v2\/pages"}],"about":[{"href":"https:\/\/www.whistleblowingofficer.com\/simoldesfrance\/fr\/wp-json\/wp\/v2\/types\/page"}],"author":[{"embeddable":true,"href":"https:\/\/www.whistleblowingofficer.com\/simoldesfrance\/fr\/wp-json\/wp\/v2\/users\/1"}],"replies":[{"embeddable":true,"href":"https:\/\/www.whistleblowingofficer.com\/simoldesfrance\/fr\/wp-json\/wp\/v2\/comments?post=24647"}],"version-history":[{"count":1,"href":"https:\/\/www.whistleblowingofficer.com\/simoldesfrance\/fr\/wp-json\/wp\/v2\/pages\/24647\/revisions"}],"predecessor-version":[{"id":24648,"href":"https:\/\/www.whistleblowingofficer.com\/simoldesfrance\/fr\/wp-json\/wp\/v2\/pages\/24647\/revisions\/24648"}],"up":[{"embeddable":true,"href":"https:\/\/www.whistleblowingofficer.com\/simoldesfrance\/fr\/wp-json\/wp\/v2\/pages\/24633"}],"wp:attachment":[{"href":"https:\/\/www.whistleblowingofficer.com\/simoldesfrance\/fr\/wp-json\/wp\/v2\/media?parent=24647"}],"wp:term":[{"taxonomy":"category","embeddable":true,"href":"https:\/\/www.whistleblowingofficer.com\/simoldesfrance\/fr\/wp-json\/wp\/v2\/categories?post=24647"},{"taxonomy":"post_tag","embeddable":true,"href":"https:\/\/www.whistleblowingofficer.com\/simoldesfrance\/fr\/wp-json\/wp\/v2\/tags?post=24647"}],"curies":[{"name":"wp","href":"https:\/\/api.w.org\/{rel}","templated":true}]}}