{"id":24645,"date":"2023-11-20T15:32:13","date_gmt":"2023-11-20T15:32:13","guid":{"rendered":"https:\/\/www.whistleblowingofficer.com\/simoldesfrance\/?page_id=24645"},"modified":"2024-07-19T09:36:36","modified_gmt":"2024-07-19T09:36:36","slug":"politique-des-cookies","status":"publish","type":"page","link":"https:\/\/www.whistleblowingofficer.com\/simoldesfrance\/fr\/simoldes-plasticos-france\/denonciateurs\/politique-des-cookies\/","title":{"rendered":"Politique des cookies"},"content":{"rendered":"<h1><span style=\"font-weight: 400;\">Politique des cookies<\/span><\/h1>\n<ol>\n<li><b><\/b> <b>Engagement en mati\u00e8re de protection des donn\u00e9es et de la vie priv\u00e9e<\/b><\/li>\n<\/ol>\n<p><span style=\"font-weight: 400;\">La Politique Cookies ou T\u00e9moignages r\u00e9git le traitement des donn\u00e9es, y compris les donn\u00e9es personnelles, des utilisateurs (\u00a0\u00bb Utilisateur \u00a0\u00bb ou \u00a0\u00bb Utilisateurs \u00ab\u00a0), collect\u00e9es dans le cadre de l&rsquo;utilisation de sites web ou d&rsquo;applications par le biais de Cookies, par Simoldes France, NIPC XXXX, en tant qu&rsquo;entit\u00e9 responsable du traitement, ci-apr\u00e8s d\u00e9nomm\u00e9e \u00a0\u00bb Simoldes France \u00ab\u00a0.<\/span><\/p>\n<p><span style=\"font-weight: 400;\">Cette Politique de Cookies vous informe des types de Cookies utilis\u00e9s par Simoldes Pl\u00e1sticos sur son site internet accessible via le lien www.simoldes.com, \u00e0 l&rsquo;exclusion d&rsquo;autres sites pouvant avoir des Politiques de Cookies sp\u00e9cifiques.<\/span><\/p>\n<p><span style=\"font-weight: 400;\">Vous pouvez choisir les types de Cookies qui peuvent \u00eatre t\u00e9l\u00e9charg\u00e9s sur votre dispositif d&rsquo;acc\u00e8s \u00e0 Internet (ordinateur, t\u00e9l\u00e9phone portable, tablette, etc.) \u00e0 travers les param\u00e8tres de confidentialit\u00e9 dans les options du navigateur Internet utilis\u00e9 (ci-apr\u00e8s d\u00e9nomm\u00e9 \u00a0\u00bb browser \u00ab\u00a0).<\/span><\/p>\n<ol start=\"2\">\n<li><b><\/b> <b>Politique en mati\u00e8re de cookies et de protection des donn\u00e9es<\/b><\/li>\n<\/ol>\n<p><span style=\"font-weight: 400;\">La pr\u00e9sente politique en mati\u00e8re de cookies doit \u00eatre lue par l&rsquo;utilisateur conjointement avec la politique g\u00e9n\u00e9rale de protection des donn\u00e9es personnelles de Simoldes Pl\u00e1sticos, accessible \u00e0 l&rsquo;utilisateur via le lien <\/span><a href=\"http:\/\/www.simoldes.com\"><span style=\"font-weight: 400;\">www.simoldes.com<\/span><\/a><span style=\"font-weight: 400;\">.<\/span><\/p>\n<ol start=\"3\">\n<li><b><\/b> <b>Points de contact<\/b><\/li>\n<\/ol>\n<p><span style=\"font-weight: 400;\">Pour toute question relative \u00e0 la politique en mati\u00e8re de cookies, vous pouvez contacter Simoldes Pl\u00e1sticos aux points de contact suivants :<\/span><\/p>\n<p><span style=\"font-weight: 400;\">&#8211; Adresse \u00e9lectronique : mail@simoldes.com ;<\/span><\/p>\n<p><span style=\"font-weight: 400;\">&#8211; Adresse postale : Parc de l&rsquo;Echangeur &#8211; ZI &#8211; N\u00ba9, 59264 &#8211; Onnaing, France ;<\/span><\/p>\n<p><span style=\"font-weight: 400;\">&#8211; T\u00e9l\u00e9phone : +33 327 285 555.<\/span><\/p>\n<ol start=\"4\">\n<li><b><\/b> <b>Concept de cookies<\/b><\/li>\n<\/ol>\n<p><span style=\"font-weight: 400;\">Les cookies sont de petits fichiers d&rsquo;information plac\u00e9s par les sites web visit\u00e9s par l&rsquo;utilisateur et stock\u00e9s dans le navigateur du dispositif utilis\u00e9 pour acc\u00e9der \u00e0 Internet (par exemple, un ordinateur ou un t\u00e9l\u00e9phone portable). Ces fichiers aident les sites web \u00e0 m\u00e9moriser les informations relatives \u00e0 la visite et \u00e0 faciliter la visite suivante, en conservant les actions et les pr\u00e9f\u00e9rences des utilisateurs pendant un certain temps, en conservant ou en reconnaissant le nom de l&rsquo;utilisateur, la langue dans laquelle il souhaite naviguer sur les sites ou d&rsquo;autres param\u00e8tres, ainsi qu&rsquo;en personnalisant l&rsquo;exp\u00e9rience de l&rsquo;utilisateur gr\u00e2ce \u00e0 un contenu sp\u00e9cifique ou m\u00eame en permettant la collecte d&rsquo;informations sur l&rsquo;utilisation des sites web.<\/span><\/p>\n<ol start=\"5\">\n<li><b><\/b> <b>Cat\u00e9gories de cookies<\/b><\/li>\n<\/ol>\n<p><span style=\"font-weight: 400;\">Les cookies peuvent \u00eatre class\u00e9s en trois grandes cat\u00e9gories :<\/span><\/p>\n<p><span style=\"font-weight: 400;\">&#8211; son objectif ;<\/span><\/p>\n<p><span style=\"font-weight: 400;\">&#8211; l&rsquo;organisation du placement ; et<\/span><\/p>\n<p><span style=\"font-weight: 400;\">&#8211; la p\u00e9riode de vie ou de conservation.<\/span><\/p>\n<ol start=\"6\">\n<li><b><\/b> <b>Cat\u00e9gorisation des cookies en fonction de leur finalit\u00e9<\/b><\/li>\n<\/ol>\n<p><span style=\"font-weight: 400;\">Les cookies sont class\u00e9s comme suit en fonction de leur finalit\u00e9 :<\/span><\/p>\n<p><span style=\"font-weight: 400;\">(a) <\/span><b>Cookies n\u00e9cessaires<\/b><span style=\"font-weight: 400;\"> &#8211; ils sont de nature fonctionnelle et sont n\u00e9cessaires pour assurer le fonctionnement du site web et\/ou pour garantir la disponibilit\u00e9 des fonctionnalit\u00e9s demand\u00e9es par l&rsquo;utilisateur, ainsi que pour enregistrer ses pr\u00e9f\u00e9rences de navigation chaque fois qu&rsquo;il utilise le m\u00eame appareil et qu&rsquo;il en fait la demande.<\/span><\/p>\n<p><span style=\"font-weight: 400;\">(b) <\/span><b>Cookies analytiques<\/b><span style=\"font-weight: 400;\"> &#8211; ils ont un caract\u00e8re accessoire et collectent des informations statistiques dans le but d&rsquo;analyser l&rsquo;utilisation du site et de g\u00e9rer la relation avec les visiteurs, en mesurant les interactions avec les publicit\u00e9s affich\u00e9es.<\/span><\/p>\n<p><span style=\"font-weight: 400;\">(c) <\/span><b>Cookies de personnalisation<\/b><span style=\"font-weight: 400;\"> &#8211; ils ont un caract\u00e8re accessoire et ne sont pas n\u00e9cessaires au fonctionnement du site et am\u00e9liorent ses performances, en permettant de personnaliser l&rsquo;exp\u00e9rience de navigation de l&rsquo;utilisateur.<\/span><\/p>\n<p><span style=\"font-weight: 400;\">(d) <\/span><b>Cookies publicitaires<\/b><span style=\"font-weight: 400;\"> : ils ont un caract\u00e8re accessoire et visent \u00e0 rendre la publicit\u00e9 plus attrayante pour les utilisateurs et les annonceurs, en s\u00e9lectionnant la publicit\u00e9 en fonction des choix de l&rsquo;utilisateur, afin d&rsquo;am\u00e9liorer les rapports sur les performances des campagnes et de renforcer la pr\u00e9sentation des publicit\u00e9s que l&rsquo;utilisateur a d\u00e9j\u00e0 vues ou qu&rsquo;il a marqu\u00e9es comme pertinentes.<\/span><\/p>\n<ol start=\"7\">\n<li><b><\/b> <b>Cat\u00e9gorisation des cookies en fonction de l&rsquo;entit\u00e9 qui les place<\/b><\/li>\n<\/ol>\n<p><span style=\"font-weight: 400;\">Compte tenu de l&rsquo;entit\u00e9 responsable de la mise en place des cookies, ceux-ci sont class\u00e9s comme suit :<\/span><\/p>\n<p><span style=\"font-weight: 400;\">(a) <\/span><b>Cookies propres<\/b><span style=\"font-weight: 400;\"> &#8211; Cookies envoy\u00e9s \u00e0 l&rsquo;appareil de l&rsquo;utilisateur par l&rsquo;interm\u00e9diaire d&rsquo;\u00e9quipements ou de domaines g\u00e9r\u00e9s par Simoldes Pl\u00e1sticos et \u00e0 partir desquels le service demand\u00e9 par l&rsquo;utilisateur est fourni.<\/span><\/p>\n<p><span style=\"font-weight: 400;\">(b) <\/span><b>Cookies de tiers<\/b><span style=\"font-weight: 400;\"> &#8211; Ils sont envoy\u00e9s au dispositif de l&rsquo;Utilisateur depuis un dispositif ou un domaine g\u00e9r\u00e9 par un tiers sur lequel Simoldes Pl\u00e1sticos n&rsquo;a aucun contr\u00f4le, dans ce cas le tiers peut traiter les donn\u00e9es collect\u00e9es sans que Simoldes Pl\u00e1sticos puisse en configurer le fonctionnement.<\/span><\/p>\n<ol start=\"8\">\n<li><b><\/b> <b>Cat\u00e9gorisation des cookies par dur\u00e9e de vie utile<\/b><\/li>\n<\/ol>\n<p><span style=\"font-weight: 400;\">Compte tenu de leur dur\u00e9e de vie utile, les cookies sont class\u00e9s comme suit :<\/span><\/p>\n<p><span style=\"font-weight: 400;\">(a) <\/span><b>Cookies de session<\/b><span style=\"font-weight: 400;\"> &#8211; Cookies temporaires qui sont g\u00e9n\u00e9ralement supprim\u00e9s lorsque l&rsquo;utilisateur quitte le site web qui les a g\u00e9n\u00e9r\u00e9s.\u00a0<\/span><\/p>\n<p><span style=\"font-weight: 400;\">(b) <\/span><b>Cookies \u00a0\u00bb robustes \u00ab\u00a0<\/b><span style=\"font-weight: 400;\"> &#8211; il s&rsquo;agit de cookies qui restent sur l&rsquo;appareil de l&rsquo;utilisateur jusqu&rsquo;\u00e0 une certaine date, au niveau du navigateur, et qui sont utilis\u00e9s chaque fois que l&rsquo;utilisateur visite \u00e0 nouveau le site.<\/span><\/p>\n<ol start=\"9\">\n<li><b>liste des cookies<\/b><span style=\"font-weight: 400;\"> &#8211; pr\u00e9sentation<\/span><\/li>\n<\/ol>\n<p><span style=\"font-weight: 400;\">Les types de cookies suivants peuvent \u00eatre utilis\u00e9s sur ce site :<\/span><\/p>\n<ol>\n<li><span style=\"font-weight: 400;\">a) Autres.<\/span><\/li>\n<li><b>liste des cookies &#8211; description<\/b><\/li>\n<\/ol>\n<p><span style=\"font-weight: 400;\">A ce jour, les informations d\u00e9taill\u00e9es concernant les fonctionnalit\u00e9s et l&rsquo;utilisation de ces cookies sont les suivantes :<\/span><\/p>\n<table>\n<tbody>\n<tr>\n<td><b>Cookie<\/b><span style=\"font-weight: 400;\">\u00a0<\/span><\/td>\n<td><b>Dom\u00ednio<\/b><\/td>\n<td><b>Descri\u00e7\u00e3o<\/b><\/td>\n<td><b>Dura\u00e7\u00e3o<\/b><span style=\"font-weight: 400;\">\u00a0<\/span><\/td>\n<td><b>Tipo<\/b><span style=\"font-weight: 400;\">\u00a0<\/span><\/td>\n<\/tr>\n<tr>\n<td><span style=\"font-weight: 400;\">entryPoint\u00a0<\/span><\/td>\n<td><a href=\"http:\/\/www.simoldes.com\/\"><span style=\"font-weight: 400;\">www.simoldes.com<\/span><\/a><span style=\"font-weight: 400;\">\u00a0<\/span><\/td>\n<td><span style=\"font-weight: 400;\">Pas de description disponible.\u00a0<\/span><\/td>\n<td><span style=\"font-weight: 400;\">7 jours<\/span><\/td>\n<td><span style=\"font-weight: 400;\">autre\u00a0<\/span><\/td>\n<\/tr>\n<tr>\n<td><span style=\"font-weight: 400;\">wp-wpml_current_language\u00a0<\/span><\/td>\n<td><a href=\"http:\/\/www.simoldes.com\/\"><span style=\"font-weight: 400;\">www.simoldes.com<\/span><\/a><span style=\"font-weight: 400;\">\u00a0<\/span><\/td>\n<td><span style=\"font-weight: 400;\">Pas de description disponible.\u00a0<\/span><\/td>\n<td><span style=\"font-weight: 400;\">session\u00a0<\/span><\/td>\n<td><span style=\"font-weight: 400;\">autre\u00a0<\/span><\/td>\n<\/tr>\n<\/tbody>\n<\/table>\n<ol start=\"11\">\n<li><b><\/b> <b>Acceptation de l&rsquo;utilisation des cookies<\/b><\/li>\n<\/ol>\n<p><span style=\"font-weight: 400;\">Il n&rsquo;est pas possible pour les sites web de fonctionner sans les cookies fonctionnels strictement n\u00e9cessaires, de sorte que l&rsquo;utilisateur est oblig\u00e9 d&rsquo;accepter leur utilisation. En ce qui concerne les autres types de cookies, l&rsquo;utilisateur est libre de consentir \u00e0 leur utilisation.<\/span><\/p>\n<p><span style=\"font-weight: 400;\">Nous demandons toujours le consentement pr\u00e9alable et expr\u00e8s de l&rsquo;utilisateur, sauf si l&rsquo;installation de certains cookies est strictement n\u00e9cessaire pour fournir le service que vous avez express\u00e9ment demand\u00e9 ou pour permettre l&rsquo;acc\u00e8s \u00e0 une certaine fonctionnalit\u00e9 de ce service, comme l&rsquo;acc\u00e8s \u00e0 des zones r\u00e9serv\u00e9es, l&rsquo;acc\u00e8s \u00e0 des fonctionnalit\u00e9s ou \u00e0 des pages sp\u00e9cifiques, etc.<\/span><\/p>\n<ol start=\"12\">\n<li><b><\/b> <b>Configuration du browser<\/b><\/li>\n<\/ol>\n<p><span style=\"font-weight: 400;\">Les browsers permettent un contr\u00f4le individualis\u00e9 des cookies stock\u00e9s sur votre appareil, ainsi que leur suppression imm\u00e9diate si vous souhaitez ne plus autoriser le stockage local de cookies.<\/span><\/p>\n<p><span style=\"font-weight: 400;\">Tout utilisateur peut modifier les param\u00e8tres de son navigateur afin de bloquer l&rsquo;installation de cookies ou de l&rsquo;avertir chaque fois qu&rsquo;un cookie est install\u00e9.<\/span><\/p>\n<p><span style=\"font-weight: 400;\">Pour plus d&rsquo;informations sur la mani\u00e8re d&rsquo;effectuer une \u00ab\u00a0navigation priv\u00e9e ou pas d&rsquo;enregistrement de donn\u00e9es\u00a0\u00bb et de g\u00e9rer efficacement les cookies, veuillez consulter :<\/span><\/p>\n<p><span style=\"font-weight: 400;\">\u2013 <\/span><b>Firefox<\/b><span style=\"font-weight: 400;\">, cliquez ici;<\/span><\/p>\n<p><a href=\"https:\/\/support.mozilla.org\/en-US\/kb\/enhanced-tracking-protection-firefox-desktop?redirectslug=enable-and-disable-cookies-website-preferences&amp;redirectlocale=en-US\"><span style=\"font-weight: 400;\">https:\/\/support.mozilla.org\/en-US\/kb\/enhanced-tracking-protection-firefox-desktop?redirectslug=enable-and-disable-cookies-website-preferences&amp;redirectlocale=en-US<\/span><\/a><\/p>\n<p><span style=\"font-weight: 400;\">\u2013 <\/span><b>Chrome<\/b><span style=\"font-weight: 400;\">, cliquez ici;<\/span><\/p>\n<p><a href=\"https:\/\/support.google.com\/chrome\/answer\/95647?hl=en?hl=en\"><span style=\"font-weight: 400;\">https:\/\/support.google.com\/chrome\/answer\/95647?hl=en?hl=en<\/span><\/a><\/p>\n<p><span style=\"font-weight: 400;\">\u2013 <\/span><b>Internet Explorer<\/b><span style=\"font-weight: 400;\">, cliquez ici\u00a0;<\/span><\/p>\n<p><a href=\"https:\/\/support.microsoft.com\/pt-pt\/windows\/eliminar-e-gerir-cookies-168dab11-0753-043d-7c16-ede5947fc64d\"><span style=\"font-weight: 400;\">https:\/\/support.microsoft.com\/pt-pt\/windows\/eliminar-e-gerir-cookies-168dab11-0753-043d-7c16-ede5947fc64d<\/span><\/a><\/p>\n<p><span style=\"font-weight: 400;\">\u2013 <\/span><b>Microsoft Edge<\/b><span style=\"font-weight: 400;\">, cliquez ici;<\/span><\/p>\n<p><a href=\"https:\/\/support.microsoft.com\/pt-pt\/windows\/eliminar-e-gerir-cookies-168dab11-0753-043d-7c16-ede5947fc64d\"><span style=\"font-weight: 400;\">https:\/\/support.microsoft.com\/pt-pt\/windows\/eliminar-e-gerir-cookies-168dab11-0753-043d-7c16-ede5947fc64d<\/span><\/a><\/p>\n<p><span style=\"font-weight: 400;\">\u2013 <\/span><b>Safari<\/b><span style=\"font-weight: 400;\">, cliquez ici;<\/span><\/p>\n<p><a href=\"https:\/\/support.apple.com\/en-us\/HT201265\"><span style=\"font-weight: 400;\">https:\/\/support.apple.com\/en-us\/HT201265<\/span><\/a><\/p>\n<p><span style=\"font-weight: 400;\">\u2013 <\/span><b>Opera<\/b><span style=\"font-weight: 400;\">, cliquez ici;<\/span><\/p>\n<p><a href=\"https:\/\/help.opera.com\/en\/latest\/security-and-privacy\/#privateWindow\"><span style=\"font-weight: 400;\">https:\/\/help.opera.com\/en\/latest\/security-and-privacy\/#privateWindow<\/span><\/a><\/p>\n<ul>\n<li style=\"font-weight: 400;\" aria-level=\"1\"><span style=\"font-weight: 400;\">Vous devez \u00eatre conscient des cons\u00e9quences de la d\u00e9sactivation des cookies, car une telle op\u00e9ration peut avoir un impact sur le fonctionnement des sites web respectifs, \u00e9tant donn\u00e9 que le panneau de configuration de la plupart des navigateurs modernes n&rsquo;offre pas un niveau de d\u00e9tail permettant \u00e0 l&rsquo;utilisateur de supprimer uniquement les cookies qui ne sont pas strictement n\u00e9cessaires pour permettre l&rsquo;utilisation des sites web visit\u00e9s.<\/span><\/li>\n<li style=\"font-weight: 400;\" aria-level=\"1\"><span style=\"font-weight: 400;\">13 Applications de protection de la vie priv\u00e9e<\/span><\/li>\n<li style=\"font-weight: 400;\" aria-level=\"1\"><span style=\"font-weight: 400;\">Sur les sites, les dispositifs ou les \u00e9quipements qui offrent ce type de fonctionnalit\u00e9, les utilisateurs peuvent avoir un meilleur contr\u00f4le sur leurs cookies en utilisant des applications gratuites de protection de la vie priv\u00e9e qui sont disponibles sur diverses plateformes en ligne &#8211; des exemples de ces applications sont les suivants :<\/span><\/li>\n<li style=\"font-weight: 400;\" aria-level=\"1\"><span style=\"font-weight: 400;\">Ghostery;<\/span><\/li>\n<li style=\"font-weight: 400;\" aria-level=\"1\"><span style=\"font-weight: 400;\">Privacy Possum;<\/span><\/li>\n<li style=\"font-weight: 400;\" aria-level=\"1\"><span style=\"font-weight: 400;\">Cookie AutoDelete;<\/span><\/li>\n<li style=\"font-weight: 400;\" aria-level=\"1\"><span style=\"font-weight: 400;\">etc.<\/span><\/li>\n<\/ul>\n<ol start=\"14\">\n<li><b><\/b> <b>Modifications de la politique en mati\u00e8re de cookies<\/b><\/li>\n<\/ol>\n<p><span style=\"font-weight: 400;\">Simoldes Pl\u00e1sticos se r\u00e9serve le droit, librement et \u00e0 tout moment, sans pr\u00e9avis et avec effet imm\u00e9diat, de modifier, compl\u00e9ter ou r\u00e9voquer, en partie ou en totalit\u00e9, la pr\u00e9sente Politique de Cookies.<\/span><\/p>\n<p><span style=\"font-weight: 400;\">Toutes les modifications seront imm\u00e9diatement divulgu\u00e9es sur les canaux de communication de l&rsquo;organisation, et les utilisateurs pourront acc\u00e9der \u00e0 l&rsquo;information et, en fonction du type sp\u00e9cifique de cookie en question, consentir \u00e0 son utilisation de mani\u00e8re inform\u00e9e ou, le cas \u00e9ch\u00e9ant, retirer le consentement pr\u00e9c\u00e9demment accord\u00e9 en configurant leur browsers.<\/span><\/p>\n<p>&nbsp;<\/p>\n<ol start=\"15\">\n<li><b><\/b> <b>Exercice des droits<\/b><\/li>\n<\/ol>\n<p><span style=\"font-weight: 400;\">Les utilisateurs peuvent, en tant que titulaires de donn\u00e9es \u00e0 caract\u00e8re personnel, exercer \u00e0 tout moment leurs droits en mati\u00e8re de protection des donn\u00e9es et de la vie priv\u00e9e, \u00e0 savoir les droits de retrait du consentement, d&rsquo;acc\u00e8s, de rectification, d&rsquo;effacement, de portabilit\u00e9, de limitation ou d&rsquo;opposition au traitement, dans les conditions et les limites pr\u00e9vues par la r\u00e9glementation applicable.<\/span><\/p>\n<p><span style=\"font-weight: 400;\">Toute demande d&rsquo;exercice des droits de protection des donn\u00e9es et de la vie priv\u00e9e doit \u00eatre formul\u00e9e par \u00e9crit par la personne concern\u00e9e \u00e0 l&rsquo;adresse \u00e9lectronique du d\u00e9l\u00e9gu\u00e9 \u00e0 la protection des donn\u00e9es de Pl\u00e1sticos protecaodedados@simoldes.com ou en utilisant le formulaire d&rsquo;exercice des droits disponible dans n&rsquo;importe quel point de service ou \u00e0 l&rsquo;adresse <\/span><a href=\"https:\/\/www.dataprotectionofficer.help\/simoldes\/forms\/\"><span style=\"font-weight: 400;\">https:\/\/www.dataprotectionofficer.help\/simoldes\/forms\/<\/span><\/a><span style=\"font-weight: 400;\">.<\/span><\/p>\n<ol start=\"16\">\n<li><b><\/b> <b>Rapport d&rsquo;incident<\/b><\/li>\n<\/ol>\n<p><span style=\"font-weight: 400;\">Simoldes Pl\u00e1sticos a mis en place un syst\u00e8me de gestion des incidents pour la protection des donn\u00e9es et la s\u00e9curit\u00e9 de l&rsquo;information.<\/span><\/p>\n<p><span style=\"font-weight: 400;\">Si un utilisateur souhaite signaler une violation de ses donn\u00e9es personnelles, qui entra\u00eene accidentellement ou ill\u00e9galement la destruction, la perte, l&rsquo;alt\u00e9ration, la divulgation ou l&rsquo;acc\u00e8s non autoris\u00e9 \u00e0 des donn\u00e9es personnelles transmises, stock\u00e9es ou trait\u00e9es d&rsquo;une autre mani\u00e8re, il peut contacter le d\u00e9l\u00e9gu\u00e9 \u00e0 la protection des donn\u00e9es \u00e0 l&rsquo;adresse protecaodedados@simoldes.com ou utiliser les coordonn\u00e9es g\u00e9n\u00e9rales de Simoldes Pl\u00e1sticos.<\/span><\/p>\n<p><span style=\"font-weight: 400;\">Le formulaire de d\u00e9claration d&rsquo;incident de violation de donn\u00e9es de Simoldes Pl\u00e1sticos est disponible dans tous les points de service ou \u00e0 l&rsquo;adresse <\/span><a href=\"https:\/\/www.dataprotectionofficer.help\/simoldes\/forms\/.*\"><span style=\"font-weight: 400;\">https:\/\/www.dataprotectionofficer.help\/simoldes\/forms\/.*<\/span><\/a><\/p>\n<ol start=\"17\">\n<li><b><\/b> <b>Suggestions, plaintes ou r\u00e9clamations<\/b><\/li>\n<\/ol>\n<p><span style=\"font-weight: 400;\">Les utilisateurs peuvent faire des suggestions sur les mesures techniques ou organisationnelles qu&rsquo;ils consid\u00e8rent les plus appropri\u00e9es pour am\u00e9liorer les conditions de protection des donn\u00e9es et de la vie priv\u00e9e en envoyant un courrier \u00e9lectronique au d\u00e9l\u00e9gu\u00e9 \u00e0 la protection des donn\u00e9es de Simoldes Pl\u00e1sticos ou en utilisant le formulaire de suggestions sur la protection des donn\u00e9es et de la vie priv\u00e9e disponible dans n&rsquo;importe quel point de service ou \u00e0 l&rsquo;adresse https:\/\/www.dataprotectionofficer.help\/simoldes\/forms\/.<\/span><\/p>\n<p><span style=\"font-weight: 400;\">Les utilisateurs ont \u00e9galement le droit d&rsquo;introduire une r\u00e9clamation, soit en l&rsquo;enregistrant dans le registre des r\u00e9clamations, soit en introduisant une r\u00e9clamation aupr\u00e8s des autorit\u00e9s de contr\u00f4le &#8211; dans ce dernier cas, ils peuvent introduire une p\u00e9tition ou une r\u00e9clamation directement aupr\u00e8s de l&rsquo;autorit\u00e9 de contr\u00f4le nationale via les contacts disponibles \u00e0 l&rsquo;adresse www.cnpd.pt .<\/span><\/p>\n<ol start=\"18\">\n<li><b><\/b> <b>D\u00e9l\u00e9gu\u00e9 \u00e0 la protection des donn\u00e9es<\/b><\/li>\n<\/ol>\n<p><span style=\"font-weight: 400;\">Simoldes Pl\u00e1sticos a d\u00e9sign\u00e9 un d\u00e9l\u00e9gu\u00e9 \u00e0 la protection des donn\u00e9es, dont les points de contact sont les suivants :<\/span><\/p>\n<p><span style=\"font-weight: 400;\">&#8211; Adresse \u00e9lectronique: protecaodedados@simoldes.com ;<\/span><\/p>\n<p><span style=\"font-weight: 400;\">&#8211; Adresse postale : Pl\u00e1sticos &#8211; Rua Comendador Ant\u00f3nio da Silva Rodrigues, N\u00ba165, 3720-502 &#8211; Oliveira de Azem\u00e9is, Portugal<\/span><\/p>\n<ol start=\"19\">\n<li><b><\/b> <b>Point de contact permanent pour la s\u00e9curit\u00e9<\/b><\/li>\n<\/ol>\n<p><span style=\"font-weight: 400;\">Simoldes Pl\u00e1sticos a mis en place un Point de Contact Permanent pour la gestion des incidents de s\u00e9curit\u00e9 de l&rsquo;information et du cyberespace.<\/span><\/p>\n<p><span style=\"font-weight: 400;\">Si un utilisateur, un b\u00e9n\u00e9ficiaire de service ou un utilisateur souhaite signaler un incident de s\u00e9curit\u00e9 de l&rsquo;information ou un incident de s\u00e9curit\u00e9 du cyberespace, il peut contacter le point de contact permanent de Simoldes Pl\u00e1sticos par les canaux de communication suivants :<\/span><\/p>\n<p><span style=\"font-weight: 400;\">\u2013 t\u00e9l\u00e9phone : [CFP Telephone] ;<\/span><\/p>\n<p><span style=\"font-weight: 400;\">&#8211; courriel : [CFP E-Mail].<\/span><\/p>\n<p><span style=\"font-weight: 400;\">Un formulaire de rapport d&rsquo;incident de s\u00e9curit\u00e9 de l&rsquo;information ou de s\u00e9curit\u00e9 du cyberespace est disponible dans tous les points de service de Simoldes Pl\u00e1sticos et peut \u00e9galement \u00eatre demand\u00e9 par courrier \u00e9lectronique en contactant le point de contact permanent.<\/span><\/p>\n<ol start=\"20\">\n<li><b><\/b> <b>Fiche d&rsquo;information sur le traitement des donn\u00e9es<\/b><\/li>\n<\/ol>\n<p><span style=\"font-weight: 400;\">Pour obtenir des informations plus d\u00e9taill\u00e9es sur le traitement des donn\u00e9es des utilisateurs par les cookies, veuillez contacter le d\u00e9l\u00e9gu\u00e9 \u00e0 la protection des donn\u00e9es \u00e0 l&rsquo;adresse suivante : <\/span><a href=\"mailto:protecaodedados@simoldes.com\"><span style=\"font-weight: 400;\">protecaodedados@simoldes.com<\/span><\/a><span style=\"font-weight: 400;\">.<\/span><\/p>\n<ol start=\"21\">\n<li><b><\/b> <b>Liens utiles<\/b><\/li>\n<\/ol>\n<p><span style=\"font-weight: 400;\">Pour plus d&rsquo;informations sur les cookies, notamment sur les normes applicables, la configuration des syst\u00e8mes de navigation, les droits d&rsquo;utilisation, etc., veuillez consulter www.politicasdecookies.com\u00a0<\/span><\/p>\n<ol start=\"22\">\n<li><b><\/b> <b>Version et date de la politique en mati\u00e8re de cookies<\/b><\/li>\n<\/ol>\n<p><span style=\"font-weight: 400;\">Date : 20 novembre 2023 ;<\/span><\/p>\n<p><span style=\"font-weight: 400;\">Version : 2023.11 ;<\/span><\/p>\n<p><span style=\"font-weight: 400;\">Pour consulter les versions pr\u00e9c\u00e9dentes de la politique en mati\u00e8re de cookies, veuillez contacter le d\u00e9l\u00e9gu\u00e9 \u00e0 la protection des donn\u00e9es \u00e0 l&rsquo;adresse suivante : protecaodedados@simoldes.com.<\/span><\/p>\n","protected":false},"excerpt":{"rendered":"<p>Politique des cookies Engagement en mati\u00e8re de protection des donn\u00e9es et de la vie priv\u00e9e La Politique Cookies ou T\u00e9moignages r\u00e9git le traitement des donn\u00e9es, y compris les donn\u00e9es personnelles, des utilisateurs (\u00a0\u00bb Utilisateur \u00a0\u00bb ou \u00a0\u00bb Utilisateurs \u00ab\u00a0), collect\u00e9es dans le cadre de l&rsquo;utilisation de sites web ou d&rsquo;applications par le biais de Cookies, [&hellip;]<\/p>\n","protected":false},"author":1,"featured_media":0,"parent":24633,"menu_order":4,"comment_status":"closed","ping_status":"closed","template":"","meta":{"_et_pb_use_builder":"","_et_pb_old_content":"","_et_gb_content_width":"","inline_featured_image":false,"footnotes":""},"categories":[21,22],"tags":[],"class_list":["post-24645","page","type-page","status-publish","hentry","category-canal-de-denonciation","category-general_page-fr"],"_links":{"self":[{"href":"https:\/\/www.whistleblowingofficer.com\/simoldesfrance\/fr\/wp-json\/wp\/v2\/pages\/24645","targetHints":{"allow":["GET"]}}],"collection":[{"href":"https:\/\/www.whistleblowingofficer.com\/simoldesfrance\/fr\/wp-json\/wp\/v2\/pages"}],"about":[{"href":"https:\/\/www.whistleblowingofficer.com\/simoldesfrance\/fr\/wp-json\/wp\/v2\/types\/page"}],"author":[{"embeddable":true,"href":"https:\/\/www.whistleblowingofficer.com\/simoldesfrance\/fr\/wp-json\/wp\/v2\/users\/1"}],"replies":[{"embeddable":true,"href":"https:\/\/www.whistleblowingofficer.com\/simoldesfrance\/fr\/wp-json\/wp\/v2\/comments?post=24645"}],"version-history":[{"count":1,"href":"https:\/\/www.whistleblowingofficer.com\/simoldesfrance\/fr\/wp-json\/wp\/v2\/pages\/24645\/revisions"}],"predecessor-version":[{"id":24646,"href":"https:\/\/www.whistleblowingofficer.com\/simoldesfrance\/fr\/wp-json\/wp\/v2\/pages\/24645\/revisions\/24646"}],"up":[{"embeddable":true,"href":"https:\/\/www.whistleblowingofficer.com\/simoldesfrance\/fr\/wp-json\/wp\/v2\/pages\/24633"}],"wp:attachment":[{"href":"https:\/\/www.whistleblowingofficer.com\/simoldesfrance\/fr\/wp-json\/wp\/v2\/media?parent=24645"}],"wp:term":[{"taxonomy":"category","embeddable":true,"href":"https:\/\/www.whistleblowingofficer.com\/simoldesfrance\/fr\/wp-json\/wp\/v2\/categories?post=24645"},{"taxonomy":"post_tag","embeddable":true,"href":"https:\/\/www.whistleblowingofficer.com\/simoldesfrance\/fr\/wp-json\/wp\/v2\/tags?post=24645"}],"curies":[{"name":"wp","href":"https:\/\/api.w.org\/{rel}","templated":true}]}}